{"id":374,"date":"2016-04-07T17:32:50","date_gmt":"2016-04-07T17:32:50","guid":{"rendered":"https:\/\/icomos.bold-concept.com\/it\/?page_id=374"},"modified":"2024-11-04T16:19:08","modified_gmt":"2024-11-04T16:19:08","slug":"startseite-it","status":"publish","type":"page","link":"https:\/\/icomos.bold-concept.com\/it\/","title":{"rendered":"Pagina iniziale"},"content":{"rendered":"\n<div class=\"wp-block-columns is-layout-flex wp-container-core-columns-is-layout-28f84493 wp-block-columns-is-layout-flex\">\n<div class=\"wp-block-column is-layout-flow wp-block-column-is-layout-flow\">\n<p>L<a href=\"http:\/\/www.icomos.org\/fr\/\" target=\"_blank\" rel=\"noopener\">&#8216;ICOMOS<\/a> \u00e8 il Consiglio Internazionale dei Monumenti e dei Siti, con sede a Parigi. \u00c8 stato fondato nel 1965 come sotto-organizzazione dell&#8217;<a href=\"http:\/\/whc.unesco.org\/\" target=\"_blank\" rel=\"noopener\">UNESCO<\/a> a Varsavia. Il gruppo nazionale ICOMOS Suisse \u00e8 stato fondato a Coira nel 1966. In qualit\u00e0 di associazione di esperti che operano nei settori dell&#8217;architettura, dell&#8217;archeologia e della ricerca edilizia, della conservazione dei monumenti, della tutela e del restauro, l&#8217;ICOMOS \u00e8 impegnata nella conservazione del patrimonio culturale: da importanti oggetti e complessi individuali a paesaggi e strutture storiche, trasporti, paesaggi industriali e culturali. La diversit\u00e0 dei beni culturali di un&#8217;ampia gamma di epoche richiede un&#8217;analisi e una ricerca scientifica sulla loro corretta gestione e lo sviluppo di strategie per la loro conservazione e manutenzione a lungo termine.  \n\n\n\n<\/p>\n<\/div>\n\n\n\n<div class=\"wp-block-column is-layout-flow wp-block-column-is-layout-flow\">\n<p>L&#8217;obiettivo del gruppo nazionale di ICOMOS Suisse \u00e8 la continua promozione e fornitura di standard validi e la loro comunicazione. Lo scambio interdisciplinare e internazionale, cos\u00ec come la neutralit\u00e0 e l&#8217;indipendenza dei membri in qualit\u00e0 di esperti, sono di particolare importanza. ICOMOS Suisse supporta l&#8217;<a href=\"http:\/\/www.bak.admin.ch\/\" target=\"_blank\" rel=\"noopener\">Ufficio Federale della Cultura<\/a> nella valutazione e nell&#8217;analisi dei <a href=\"http:\/\/www.unesco.ch\/wie\/kultur\/welterbe\" target=\"_blank\" rel=\"noopener\">siti<\/a> svizzeri <a href=\"http:\/\/www.unesco.ch\/wie\/kultur\/welterbe\" target=\"_blank\" rel=\"noopener\">del Patrimonio Mondiale<\/a> all&#8217;attenzione dell&#8217;UNESCO. Una specialit\u00e0 di ICOMOS Suisse sono i <a href=\"https:\/\/icomos.bold-concept.com\/it\/gruppo-di-lavoro\/\">gruppi di lavoro nazionali<\/a>, che si occupano di gruppi speciali di oggetti, di argomenti attuali, anche scomodi, e di questioni insolite. Il lavoro dei comitati scientifici nazionali comprende <a href=\"https:\/\/icomos.bold-concept.com\/organisation\/was-wir-tun\/publikationen\/\">pubblicazioni<\/a>, conferenze, giurie, pareri di esperti e dichiarazioni.  \n\n <\/p>\n<\/div>\n<\/div>\n\n<h2 class=\"wp-block-heading has-text-align-center\">Notizie e appuntamenti<\/h2>\n<ul class=\"wp-block-latest-posts__list is-grid columns-3 wp-block-latest-posts\"><li><a class=\"wp-block-latest-posts__post-title\" href=\"https:\/\/icomos.bold-concept.com\/it\/necrologi\/necrologie\/\">N\u00e9crologie<\/a><div class=\"wp-block-latest-posts__post-excerpt\">In Memoriam Sibylle Heusser de Jean-Pierre Lewerer, Membre d&#8217;ICOMOS Suisse<\/div><\/li>\n<li><a class=\"wp-block-latest-posts__post-title\" href=\"https:\/\/icomos.bold-concept.com\/it\/attuale\/assemblee-annuelle-2025\/\">Assembl\u00e9es annuelle 2025\/2026<\/a><div class=\"wp-block-latest-posts__post-excerpt\">Une r\u00e9trospective en images de l&#8217;assembl\u00e9e g\u00e9n\u00e9rale 2025 \u00e0 Fully\/Martigny. Nous vous souhaitons beaucoup de plaisir. save the dateL&#8217;assembl\u00e9e annuelle 2026 aura lieu le samedi 9 mai. Un programme d&#8217;accompagnement pour les 8 et 10 mai est en cours d&#8217;\u00e9laboration. Les 60 ans l&#8217;ICOMOS Suisse constituent le &#8220;file rouge&#8221;.<\/div><\/li>\n<li><a class=\"wp-block-latest-posts__post-title\" href=\"https:\/\/icomos.bold-concept.com\/it\/attuale\/eventi\/eventi-precedenti\/iscrizione-alla-conferenza-a-future-for-whose-past\/\">ISCRIZIONE ALLA CONFERENZA &#8220;A future for whose past?&#8221;<\/a><div class=\"wp-block-latest-posts__post-excerpt\"><\/div><\/li>\n<\/ul>\n<h2 class=\"wp-block-heading\">Gruppi di lavoro nazionali di ICOMOS suisse<\/h2>\n","protected":false},"excerpt":{"rendered":"<p>Internazionale &#8211; Interdisciplinare &#8211; Indipendente<\/p>\n","protected":false},"author":1,"featured_media":1006,"parent":0,"menu_order":0,"comment_status":"closed","ping_status":"open","template":"template-home.php","meta":{"footnotes":""},"class_list":["post-374","page","type-page","status-publish","has-post-thumbnail","hentry"],"_links":{"self":[{"href":"https:\/\/icomos.bold-concept.com\/it\/wp-json\/wp\/v2\/pages\/374","targetHints":{"allow":["GET"]}}],"collection":[{"href":"https:\/\/icomos.bold-concept.com\/it\/wp-json\/wp\/v2\/pages"}],"about":[{"href":"https:\/\/icomos.bold-concept.com\/it\/wp-json\/wp\/v2\/types\/page"}],"author":[{"embeddable":true,"href":"https:\/\/icomos.bold-concept.com\/it\/wp-json\/wp\/v2\/users\/1"}],"replies":[{"embeddable":true,"href":"https:\/\/icomos.bold-concept.com\/it\/wp-json\/wp\/v2\/comments?post=374"}],"version-history":[{"count":8,"href":"https:\/\/icomos.bold-concept.com\/it\/wp-json\/wp\/v2\/pages\/374\/revisions"}],"predecessor-version":[{"id":8759,"href":"https:\/\/icomos.bold-concept.com\/it\/wp-json\/wp\/v2\/pages\/374\/revisions\/8759"}],"wp:featuredmedia":[{"embeddable":true,"href":"https:\/\/icomos.bold-concept.com\/it\/wp-json\/wp\/v2\/media\/1006"}],"wp:attachment":[{"href":"https:\/\/icomos.bold-concept.com\/it\/wp-json\/wp\/v2\/media?parent=374"}],"curies":[{"name":"wp","href":"https:\/\/api.w.org\/{rel}","templated":true}]}}