{"id":366,"date":"2016-04-07T17:34:30","date_gmt":"2016-04-07T17:34:30","guid":{"rendered":"https:\/\/icomos.bold-concept.com\/it\/?page_id=366"},"modified":"2025-10-13T16:13:31","modified_gmt":"2025-10-13T16:13:31","slug":"organizzazione","status":"publish","type":"page","link":"https:\/\/icomos.bold-concept.com\/it\/organizzazione\/","title":{"rendered":"Organizzazione"},"content":{"rendered":"\n<h2 class=\"wp-block-heading\">Wer wir sind<\/h2>\n\n\n\n<div class=\"wp-block-columns is-layout-flex wp-container-core-columns-is-layout-28f84493 wp-block-columns-is-layout-flex\">\n<div class=\"wp-block-column is-layout-flow wp-block-column-is-layout-flow\">\n<p><a href=\"http:\/\/www.icomos.org\/fr\/\" target=\"_blank\" rel=\"noopener\">ICOMOS<\/a> ist der internationale Rat f\u00fcr Denkm\u00e4ler und historische St\u00e4tten mit Sitz in Paris. Er wurde 1965 als Unterorganisation der <a href=\"http:\/\/whc.unesco.org\/\" target=\"_blank\" rel=\"noopener\">UNESCO<\/a> in Warschau gegr\u00fcndet. Die Gr\u00fcndung der nationalen Landesgruppe ICOMOS Suisse erfolgte 1966 in Chur.\n\nAls Vereinigung von am Denkmal t\u00e4tigen Fachleuten in den Bereichen Architektur, Arch\u00e4ologie und Bauforschung, Denkmalpflege, Konservierung und Restaurierung setzt sich ICOMOS f\u00fcr die Bewahrung des Kulturerbes ein: von bedeutenden Einzelobjekten und Ensembles \u00fcber historische Stadtbilder und -strukturen bis hin zu Verkehrs-, Industrie- und Kulturlandschaften.\n\nDie Vielfalt der Kulturg\u00fcter unterschiedlichster Epochen verlangt nach wissenschaftlicher Auseinandersetzung und Erforschung zum fachgerechten Umgang und der Entwicklung von Strategien f\u00fcr ihre langfristige Erhaltung und Pflege.<\/p>\n<\/div>\n\n\n\n<div class=\"wp-block-column is-layout-flow wp-block-column-is-layout-flow\">\n<p>Ziel der Landesgruppe ICOMOS Suisse ist die kontinuierliche F\u00f6rderung und Bereitstellung hierzu notwendiger g\u00fcltiger Standards sowie deren Vermittlung. Der interdisziplin\u00e4re und internationale Austausch, wie auch die Neutralit\u00e4t und Unabh\u00e4ngigkeit der Mitglieder als Fachexperten, sind dabei von besonderer Bedeutung. ICOMOS Suisse unterst\u00fctzt das <a href=\"http:\/\/www.bak.admin.ch\/\" target=\"_blank\" rel=\"noopener\">Bundesamt f\u00fcr Kultur<\/a> bei der Bewertung und Begutachtung der schweizerischen <a href=\"http:\/\/www.unesco.ch\/wie\/kultur\/welterbe\" target=\"_blank\" rel=\"noopener\">Welterbest\u00e4tten<\/a> zu H\u00e4nden der UNESCO.\n\nEine Besonderheit von ICOMOS Suisse sind die <a href=\"https:\/\/icomos.bold-concept.com\/it\/gruppo-di-lavoro\/\">nationalen Arbeitsgruppen<\/a>, die sich mit speziellen Objektgruppen, aktuellen, auch unbequemen Themen und un\u00fcblichen Fragestellungen auseinandersetzen. Die Arbeit der nationalen wissenschaftlichen Komitees umfasst unter anderem&nbsp;<a href=\"https:\/\/icomos.bold-concept.com\/organisation\/was-wir-tun\/publikationen\/\">Publikationen<\/a>, Tagungen, Jurierungen, Gutachten und Stellungnahmen.<\/p>\n<\/div>\n<\/div>\n\n\n\n<h2 class=\"wp-block-heading\">Mitglieder<\/h2>\n\n\n\n<h2 class=\"wp-block-heading\">Der Vorstand<\/h2>\n\n\n\n<div class=\"wp-block-columns is-layout-flex wp-container-core-columns-is-layout-28f84493 wp-block-columns-is-layout-flex\">\n<div class=\"wp-block-column is-layout-flow wp-block-column-is-layout-flow\" style=\"flex-basis:33.33%\">\n<p>Sabine Nemec-Piguet<br>Pr\u00e4sidentin<br><a href=\"mailto:secretariat@icomos.ch\">Email<\/a><\/p>\n\n\n\n<p>Dieter Schnell<br>Vizepr\u00e4sident<br><a href=\"mailto:secretariat@icomos.ch\">Email<\/a><\/p>\n\n\n\n<p>Hansj\u00f6rg Brem<br>Kassier<br><a href=\"mailto:secretariat@icomos.ch\">Email<\/a><\/p>\n<\/div>\n\n\n\n<div class=\"wp-block-column is-layout-flow wp-block-column-is-layout-flow\" style=\"flex-basis:33.33%\">\n<p>Cony Gr\u00fcnenfelder<br>Vorstand<br><a href=\"mailto:secretariat@icomos.ch\">Email<\/a><\/p>\n\n\n\n<p>Melanie Wyrsch<br>Vorstand<br><a href=\"mailto:secretariat@icomos.ch\">Email<\/a><\/p>\n\n\n\n<p>Albina Cereghetti<br>Vorstand<br><a href=\"mailto:secretariat@icomos.ch\" target=\"_blank\" rel=\"noreferrer noopener\">Email<\/a><\/p>\n<\/div>\n\n\n\n<div class=\"wp-block-column is-layout-flow wp-block-column-is-layout-flow\" style=\"flex-basis:33.33%\">\n<p>Lucia Regazzoni<br>Vorstand<br><a href=\"mailto:secretariat@icomos.ch\" target=\"_blank\" rel=\"noreferrer noopener\">Email<\/a><\/p>\n\n\n\n<p>Monica Bilfinger<br>Generalsekret\u00e4rin<br><a href=\"mailto:secretariat@icomos.ch\">Email<\/a><\/p>\n\n\n\n<p>Gesch\u00e4ftsstelle \/ Sekretariat<br><a href=\"mailto:secretariat@icomos.ch\">Email<\/a><\/p>\n<\/div>\n<\/div>\n\n\n\n<h2 class=\"wp-block-heading\">Jahresversammlung &amp; Mitteilungen<\/h2>\n\n\n\n<div class=\"wp-block-columns is-layout-flex wp-container-core-columns-is-layout-28f84493 wp-block-columns-is-layout-flex\">\n<div class=\"wp-block-column is-layout-flow wp-block-column-is-layout-flow\">\n<h3 class=\"wp-block-heading\">Jahresversammlungen<\/h3>\n\n\n\n<ul class=\"wp-block-list\">\n<li><\/li>\n\n\n\n<li><a href=\"https:\/\/icomos.bold-concept.com\/abstimmungsresultate-der-icomos-suisse-mitgliederversammlung-2020\/\" target=\"_blank\" rel=\"noopener noreferrer\">2020<\/a>&nbsp;<a href=\"https:\/\/icomos.bold-concept.com\/icomos-suisse-mitgliederversammlung-2019-17-18-mai-moehlin-ag\/\" target=\"_blank\" rel=\"noopener noreferrer\">2019<\/a><a href=\"https:\/\/icomos.bold-concept.com\/organisation\/jahresversammlung\/jahresversammlung-2018\/\">2018<\/a><a href=\"https:\/\/icomos.bold-concept.com\/organisation\/jahresversammlung\/jahresversammlung-2017\/\">2017<\/a><a href=\"https:\/\/icomos.bold-concept.com\/organisation\/jahresversammlung\/jahresversammlung-2016\/\">2016<\/a><a href=\"https:\/\/icomos.bold-concept.com\/organisation\/jahresversammlung\/jahresversammlung-2015\/\">2015<\/a><a href=\"https:\/\/icomos.bold-concept.com\/organisation\/jahresversammlung\/jahresversammlung-2014\/\">2014<\/a><\/li>\n\n\n\n<li><a href=\"https:\/\/icomos.bold-concept.com\/organisation\/jahresversammlung\/jahresversammlung-2013\/\">2013<\/a><a href=\"https:\/\/icomos.bold-concept.com\/organisation\/jahresversammlung\/jahresversammlung-2012\/\">2012<\/a><a href=\"https:\/\/icomos.bold-concept.com\/organisation\/jahresversammlung\/jahresversammlung-2011\/\">2011<\/a><a href=\"https:\/\/icomos.bold-concept.com\/organisation\/jahresversammlung\/jahresversammlung-2010\/\">2010<\/a><a href=\"https:\/\/icomos.bold-concept.com\/organisation\/jahresversammlung\/jahresversammlung-2009\/\">2009<\/a><a href=\"https:\/\/icomos.bold-concept.com\/organisation\/jahresversammlung\/jahresversammlung-2008\/\">2008<\/a><a href=\"https:\/\/icomos.bold-concept.com\/organisation\/jahresversammlung\/jahresversammlung-2007\/\">2007<\/a><\/li>\n<\/ul>\n<\/div>\n\n\n\n<div class=\"wp-block-column is-layout-flow wp-block-column-is-layout-flow\">\n<h3 class=\"wp-block-heading\">Mitteilungen des Vorstands<\/h3>\n\n\n\n<ul class=\"wp-block-list\">\n<li><a href=\"https:\/\/icomos.bold-concept.com\/it\/mitteilungen-des-vorstands\/\">weiterlesen<\/a><\/li>\n<\/ul>\n<\/div>\n<\/div>\n\n\n\n<h2 class=\"wp-block-heading\">Was wir tun<\/h2>\n\n\n\n<div class=\"wp-block-columns is-layout-flex wp-container-core-columns-is-layout-28f84493 wp-block-columns-is-layout-flex\">\n<div class=\"wp-block-column is-layout-flow wp-block-column-is-layout-flow\" style=\"flex-basis:66.66%\">\n<h3 class=\"wp-block-heading\">Arbeitsgruppen &amp; Projekte<\/h3>\n\n\n\n<p>ICOMOS Suisse bildet auf Anregung des Vorstandes oder von Mitgliedern auf bestimmte Zeit befristete oder st\u00e4ndige Arbeitsgruppen. Ihr Ziel ist insbesondere die Bearbeitung bestimmter technischer, methodischer, wissenschaftlicher oder organisatorischer Probleme und die Verwirklichung bestimmter Projekte. Die Arbeitsprogramme sind mit bereits aktiven benachbarten Fachgruppierungen in der Schweiz abgesprochen und die Arbeitsgruppen stehen mit den zielverwandten Comit\u00e9s Sp\u00e9cialis\u00e9s des ICOMOS in engem Kontakt.\n\n<a href=\"https:\/\/www.nike-kulturerbe.ch\/de\/weiterbildung.html\" target=\"_blank\" rel=\"noopener noreferrer\">Plattform Weiterbildung \/ Formation continue NIKE\/BAK\/ICOMOS<\/a><\/p>\n\n\n\n<ul class=\"wp-block-list\">\n<li><a href=\"https:\/\/icomos.bold-concept.com\/it\/gruppo-di-lavoro\/\" target=\"_blank\" rel=\"noopener noreferrer\">zu den Arbeitsgruppen<\/a><\/li>\n<\/ul>\n<\/div>\n\n\n\n<div class=\"wp-block-column is-layout-flow wp-block-column-is-layout-flow\" style=\"flex-basis:33.33%\">\n<h3 class=\"wp-block-heading\">Publikationen<\/h3>\n\n\n\n<p><a href=\"https:\/\/icomos.bold-concept.com\/it\/publikationen\/\">zu den Publikationen<\/a>\n<\/p>\n<\/div>\n<\/div>\n\n\n\n<h2 class=\"wp-block-heading\">Wie wir arbeiten<\/h2>\n\n\n\n<div class=\"wp-block-columns is-layout-flex wp-container-core-columns-is-layout-28f84493 wp-block-columns-is-layout-flex\">\n<div class=\"wp-block-column is-layout-flow wp-block-column-is-layout-flow\" style=\"flex-basis:33.33%\">\n<h3 class=\"wp-block-heading\">G\u00fcltige Statuten<\/h3>\n\n\n\n<p><strong>vom 5. Mai 2023<\/strong><\/p>\n\n\n\n<ul class=\"wp-block-list\">\n<li><a href=\"https:\/\/icomos.bold-concept.com\/wp-content\/uploads\/icomos-statuten_20230505-DE-publ.pdf\">icomos statuten_20230505 DE publ<\/a><\/li>\n<\/ul>\n\n\n\n<p><a href=\"https:\/\/icomos.bold-concept.com\/wp-content\/uploads\/icomos-statuts_20230505-FR-publ-II.pdf\">icomos statuts_20230505 FR publ II<\/a><\/p>\n\n\n\n<ul class=\"wp-block-list\">\n<li><a href=\"https:\/\/www.icomos.org\/images\/DOCUMENTS\/Statutes\/2018.02.02_Statutes_EN_FR.pdf\" target=\"_blank\" rel=\"noopener noreferrer\">Anhang 1: Statuten ICOMOS International, New Delhi, India, Dez. 2017 (engl. &amp; frz.)<\/a><\/li>\n\n\n\n<li><a href=\"https:\/\/icomos.bold-concept.com\/fileadmin\/downloads\/organisation\/membership\/20150114-ethics-asadopted-languagecheck-finalcirc.pdf\" target=\"_blank\" rel=\"noopener noreferrer\">Anhang 2: Ethische Grunds\u00e4tze, Florenz, Nov. 2014 (engl. &amp; frz.)<\/a><\/li>\n\n\n\n<li><a href=\"https:\/\/icomos.bold-concept.com\/fileadmin\/downloads\/organisation\/membership\/Ethische_Grunds%C3%A4tze_ICOMOS_deutsch_final.pdf\" target=\"_blank\" rel=\"noopener noreferrer\">Anhang 2: Ethische Grunds\u00e4tze, deutsche \u00dcbersetzung<\/a>\n<\/li>\n<\/ul>\n<\/div>\n\n\n\n<div class=\"wp-block-column is-layout-flow wp-block-column-is-layout-flow\" style=\"flex-basis:66.66%\">\n<h3 class=\"wp-block-heading\">Internationale Grunds\u00e4tze und Richtlinien der Denkmalpflege (Chartas)<\/h3>\n\n\n\n<p><strong>Monumenta I: Internationale Grunds\u00e4tze und Richtlinien der Denkmalpflege\n<\/strong>Herausgegeben von ICOMOS Deutschland, ICOMOS \u00d6sterreich, ICOMOS Luxemburg, ICOMOS Schweiz, Stuttgart: Fraunhofer IRB Verlag 2012.<\/p>\n\n\n\n<ul class=\"wp-block-list\">\n<li><a href=\"https:\/\/icomos.bold-concept.com\/fileadmin\/downloads\/organisation\/publications\/Monumenta_I.pdf\" target=\"_blank\" rel=\"noopener noreferrer\">Download PDF<\/a><\/li>\n<\/ul>\n<\/div>\n<\/div>\n\n\n\n<h2 class=\"wp-block-heading\">Unsere Geschichte<\/h2>\n\n\n\n<div class=\"wp-block-columns is-layout-flex wp-container-core-columns-is-layout-28f84493 wp-block-columns-is-layout-flex\">\n<div class=\"wp-block-column is-layout-flow wp-block-column-is-layout-flow\">\n<p>1965, 25. M\u00e4rz: Erste konstituierende Sitzung in Bern, Bernerhof, zu Gast beim Sekret\u00e4r der UNESCO-Kommission\n\nVorbereitung auf die Gr\u00fcndung von ICOMOS International; Als Pr\u00e4sident wird Prof. Alfred A. Schmid gew\u00e4hlt. Er soll die Schweiz an der internationalen Tagung des ICOMOS im April in Rom und im Juni 1965 im Warschau vertreten.\n\n1965, 3. Juni: Zweites Treffen in Z\u00fcrich: Eine Schweizer Delegation f\u00fcr Warschau wird bestimmt\n\n1965, 21.-22. Juni, Warschau: Gr\u00fcndung von ICOMOS International.\n\n1966, 15. September, Chur: konstituierende Sitzung von ICOMOS Suisse, 1. Mitgliederversammlung, die ersten Statuten werden angenommen.\n\n<strong>Statuten<\/strong>\n\n1966 Erste Fassung. Statuten\u00e4nderungen finden statt: 1978, 1993, 2009, 2014\n\n<strong>Mitgliederversammlungen<\/strong>\n\nSeit 1966 findet j\u00e4hrlich eine Mitgliederversammlung statt. Bis 1978 fanden die ICOMOS Mitgliederversammlungen am Rande der j\u00e4hrlichen Tagung der Eidg. Kommission f\u00fcr Denkmalpflege EKD statt. Seit 1979 finden die Mitgliederversammlungen als eigenst\u00e4ndige Tagungen statt. Siehe Tabelle im Anhang.\n\n<strong>Die Pr\u00e4sidenten von ICOMOS Suisse<\/strong>\n\n1966 &#8211; 1970: Alfred A. Schmid\n1970 &#8211; 1979: Fritz Lauber\n1979 &#8211; 1984: Karl Keller\n1984 &#8211; 1991: Claude Jaccottet\n1991 &#8211; 2000: Hans Rutishauser\n2000 &#8211; 2008: Daniel Gutscher\n2008 &#8211; 2015: Eduard M\u00fcller\n2015 &#8211; &nbsp; &nbsp; &nbsp; &nbsp; &nbsp; Niklaus Ledergerber\n\n<a href=\"https:\/\/icomos.bold-concept.com\/wp-content\/uploads\/2017\/02\/ICOMOS_Tabelle-Vorstandsmitglieder-seit-1967.xls\">Tabelle Vorstandsmitglieder seit 1967<\/a>\n\n<strong>Die Ehrenmitglieder von ICOMOS Suisse<\/strong>\n\n1990, 30. M\u00e4rz: Mitgliederversammlung in Fribourg: Alfred A. Schmid wird zum Ehrenmitglied ernannt\n1991, 22. M\u00e4rz: Mitgliederversammlung in Bern: Claude Jaccottet wird zum Ehrenmitglied ernannt\n\n&nbsp;\n\n<strong>Aktivit\u00e4ten von ICOMOS Suisse:<\/strong>\n\n<strong>Arbeitsgruppen<\/strong>\n\n1993 mit der Statuten\u00e4nderung gleichzeitig Entscheid fest installierte Arbeitsgruppen einzurichten. Die Statuten\u00e4nderung von 2014 \u00e4ndert den Status der AG\u2019s. Seither sind die AG\u2019s zeitlich begrenzte (maximal 6 Jahre) Projekte.\n\nDie folgende Aufz\u00e4hlung ist vollst\u00e4ndig, mit folgendem Zusatz: Es gab um 1996 eine Zusammenarbeit mit Estland unter T\u00f6nis Kask, die es leider nicht in die Akten von ICOMOS geschafft hat. Es gab ein L\u00e4nder- Austausch, wobei die Estl\u00e4ndische Delegation an der Mitgliederversammlung 1996 in Z\u00fcrich zugegen waren.\n<\/p>\n<\/div>\n\n\n\n<div class=\"wp-block-column is-layout-flow wp-block-column-is-layout-flow\">\n<p>\n<strong>1992<\/strong> Gr\u00fcndung AG <strong>Gartendenkmalpflege,\n<\/strong>Leiter: 1992 &#8211; 2001 Guido Hager; 2001 &#8211; 2011 Judith Rohrer-Amberg; seit 2012 Brigitte Frei-Heitz\n\n<strong>1993<\/strong> Gr\u00fcndung AG <strong>Historische Hotels und Restaurants\n<\/strong>Durch Georg Carlen, Eric Teysseire, Martin Fr\u00f6hlich, Roland Fl\u00fcckiger.\nIdee der Preisverleihung 1995 (anl\u00e4sslich der Tagung \u201eHistorische Hotels erhalten und betreiben\u201c Luzern, Casino), erste Preisverleihung 1997\nLeiter und Jurypr\u00e4sident: 1996 Hans Rutishauser; 1997-2004 Roland Fl\u00fcckiger; 2005 &#8211; 2011 Peter Omachen; 2012 &#8211; 2019 Gerold Kunz, seit 2020 Moritz Flury-Rova\n\n<strong>1993-2011<\/strong> AG <strong>Weiterbildung\n<\/strong>Leitung Peter Baumgartner, Marion Wohlleben, Christian Marty\n2012 Neu konstituiert als Plattform Weiterbildung, zusammen mit dem Bundesamt f\u00fcr Kultur BAK, der Nationalen Informationsstelle f\u00fcr Kulturg\u00fcter NIKE und ICOMOS Suisse\n\n<strong>1999-2010<\/strong> AG Restaurieren in <strong>La Habana<\/strong>, Cuba\nLeiter 1999 &#8211; 2010 Peter Widmer\n\n<strong>2001 &#8211; 2012<\/strong> AG <strong>Historische M\u00f6bel und Int\u00e9rieurs\n<\/strong>Leiter \/ in: 2001-2010 Ulli Freyer; 2010-2012&nbsp;Manuel Kehrli\n\n<strong>2002 \u2013 2014 <\/strong>AG <strong>Industriekultur\n<\/strong>Leiter 2002 &#8211; 2010: J\u00fcrg Ganz;&nbsp; 2011 &#8211; 2014: Kilian Elsasser\n\n<strong>2007 <\/strong>Gr\u00fcndung AG<strong> Friedh\u00f6fe und Einzelmonumente\n<\/strong>Leiter: 2007 &#8211; 2014: Ivo Zemp\n<strong>2016 <\/strong>Neue Lancierung unter dem Titel: <strong>Historische Friedh\u00f6fe\n<\/strong>Leiterin: Lambrini Koutoussaki\n\n<strong>2016<\/strong> Gr\u00fcndung AG <strong>System und Serie,\n<\/strong>Leiterin: Silke Langenberg\n\n<strong>Das Freitagskolloquium zusammen mit der ETH Z\u00fcrich, Lehrstuhl f\u00fcr Denkmalpflege 1987-2006<\/strong>\n\nAls Nachfolge des sog. Kn\u00f6pfli- Kolloquiums (Prof. Dr. Alfred Kn\u00f6pfli ) am Freitag um 16.00-18.00 Uhr organisierte ICOMOS Suisse zusammen mit Prof. Dr. Georg M\u00f6rsch\n\n<a href=\"https:\/\/icomos.bold-concept.com\/wp-content\/uploads\/2017\/02\/Freitagskolloquium-Liste.pdf\">Liste Freitagskolloquium 1987-2006<\/a>\n\n<strong>Fachtagungen<\/strong>\n\nEs ist nicht m\u00f6glich eine Liste aller Fachtagungen zu erstellen, die ICOMOS Suisse alleine oder in Zusammenarbeit mit andern Organisationen durchgef\u00fchrt hat. Im Archiv von ICOMOS Suisse ist dazu einiges zu finden.\n\n<strong>Veranstaltungen von ICOMOS International in der Schweiz, ICOMOS Suisse als Gastgeber<\/strong>\n\n<strong>1990, 6.-11. Oktober<\/strong>: findet die 9. Assembl\u00e9e G\u00e9n\u00e9rale in ICOMOS International in Lausanne statt.\n<strong>2008, Mai:<\/strong> in Bern und Umgebung findet das Treffen der ICOMOS Europe Group statt.\n\n<strong>Internationale Zusammenarbeit<\/strong>\n\nEs besteht ein lockerer Zusammenschluss unter den deutschsprachigen Nationalkomitees: Deutschland, Luxembourg, Oesterreich und der Schweiz. Aus dieser Kooperation entsteht 2012 die Publikationsreihe Monumenta. In unregelm\u00e4ssigen Abst\u00e4nden sollen Themen der Denkmalpflege, die f\u00fcr den deutschsprachigen Raum wichtig sind, aufgegriffen werden. So wird mit dem Monumenta Band I eine erstmalige deutsche \u00dcbersetzung aller f\u00fcr ICOMOS relevanten internationalen Grundsatzpapiere und Richtlinien zur Denkmalpflege erstellt.\n\nDie gesamte Publikationsreihe der Monumenta B\u00e4nder finden Sie hier <a href=\"https:\/\/www.icomos.de\/index.php?lang=Deutsch&amp;contentid=171&amp;navid=231\" target=\"_blank\" rel=\"noopener noreferrer\">hier<\/a>\nAlle National Comittees von ICOMOS Suisse finden Sie hier <a href=\"https:\/\/www.icomos.org\/en\/about-icomos\/committees\/national-committees?start=5\" target=\"_blank\" rel=\"noopener noreferrer\">hier<\/a>\n\n<strong>Akten<\/strong>\n\nDie gesamten Akten von ICOMOS Suisse sind im Eidg. Archiv f\u00fcr Denkmalpflege, EAD einsehbar. Die neueren Akten werden in regelm\u00e4ssigen Abst\u00e4nden dem Archiv \u00fcbergeben.\n<\/p>\n<\/div>\n<\/div>\n\n\n\n<h2 class=\"wp-block-heading\">Unser Netzwerk<\/h2>\n\n\n\n<div class=\"wp-block-columns is-layout-flex wp-container-core-columns-is-layout-28f84493 wp-block-columns-is-layout-flex\">\n<div class=\"wp-block-column is-layout-flow wp-block-column-is-layout-flow\" style=\"flex-basis:16.66%\">\n<p><a href=\"http:\/\/www.icomos.org\"><img loading=\"lazy\" decoding=\"async\" class=\"alignnone wp-image-1226\" src=\"https:\/\/icomos.bold-concept.com\/wp-content\/uploads\/2016\/01\/logo-pms-3.jpg\" alt=\"logo-pms-3\" width=\"144\" height=\"48\" srcset=\"https:\/\/icomos.bold-concept.com\/wp-content\/uploads\/2016\/01\/logo-pms-3.jpg 782w, https:\/\/icomos.bold-concept.com\/wp-content\/uploads\/2016\/01\/logo-pms-3-640x214.jpg 640w\" sizes=\"auto, (max-width: 144px) 100vw, 144px\" \/><\/a>\n\n<\/p>\n<\/div>\n\n\n\n<div class=\"wp-block-column is-layout-flow wp-block-column-is-layout-flow\" style=\"flex-basis:16.66%\">\n<p><a href=\"http:\/\/whc.unesco.org\"><img loading=\"lazy\" decoding=\"async\" class=\"alignnone wp-image-1223\" src=\"https:\/\/icomos.bold-concept.com\/wp-content\/uploads\/2016\/01\/2000px-UNESCO_logo.svg_.png\" alt=\"2000px-UNESCO_logo.svg\" width=\"114\" height=\"85\" srcset=\"https:\/\/icomos.bold-concept.com\/wp-content\/uploads\/2016\/01\/2000px-UNESCO_logo.svg_.png 2000w, https:\/\/icomos.bold-concept.com\/wp-content\/uploads\/2016\/01\/2000px-UNESCO_logo.svg_-640x477.png 640w, https:\/\/icomos.bold-concept.com\/wp-content\/uploads\/2016\/01\/2000px-UNESCO_logo.svg_-960x715.png 960w\" sizes=\"auto, (max-width: 114px) 100vw, 114px\" \/><\/a>\n\n<\/p>\n<\/div>\n\n\n\n<div class=\"wp-block-column is-layout-flow wp-block-column-is-layout-flow\" style=\"flex-basis:16.66%\">\n<p><a href=\"http:\/\/www.unesco.ch\"><img loading=\"lazy\" decoding=\"async\" class=\"alignnone wp-image-934\" src=\"https:\/\/icomos.bold-concept.com\/wp-content\/uploads\/2016\/01\/UNESCO_natcom.jpg\" alt=\"UNESCO_natcom\" width=\"148\" height=\"47\"><\/a>\n\n<\/p>\n<\/div>\n\n\n\n<div class=\"wp-block-column is-layout-flow wp-block-column-is-layout-flow\" style=\"flex-basis:16.66%\">\n<p><a href=\"http:\/\/www.iccrom.org\"><img loading=\"lazy\" decoding=\"async\" class=\"alignnone wp-image-933\" src=\"https:\/\/icomos.bold-concept.com\/wp-content\/uploads\/2016\/01\/ICCROM_logo-640x431.jpeg\" alt=\"ICCROM_logo\" width=\"151\" height=\"102\" srcset=\"https:\/\/icomos.bold-concept.com\/wp-content\/uploads\/2016\/01\/ICCROM_logo-640x431.jpeg 640w, https:\/\/icomos.bold-concept.com\/wp-content\/uploads\/2016\/01\/ICCROM_logo-960x647.jpeg 960w, https:\/\/icomos.bold-concept.com\/wp-content\/uploads\/2016\/01\/ICCROM_logo.jpeg 1298w\" sizes=\"auto, (max-width: 151px) 100vw, 151px\" \/><\/a>\n\n<\/p>\n<\/div>\n\n\n\n<div class=\"wp-block-column is-layout-flow wp-block-column-is-layout-flow\" style=\"flex-basis:16.66%\">\n<p><a href=\"http:\/\/www.icom.museum\"><img loading=\"lazy\" decoding=\"async\" class=\"alignnone wp-image-1224\" src=\"https:\/\/icomos.bold-concept.com\/wp-content\/uploads\/2016\/01\/icom_logo.png\" alt=\"icom_logo\" width=\"151\" height=\"31\" srcset=\"https:\/\/icomos.bold-concept.com\/wp-content\/uploads\/2016\/01\/icom_logo.png 1000w, https:\/\/icomos.bold-concept.com\/wp-content\/uploads\/2016\/01\/icom_logo-640x131.png 640w, https:\/\/icomos.bold-concept.com\/wp-content\/uploads\/2016\/01\/icom_logo-960x197.png 960w\" sizes=\"auto, (max-width: 151px) 100vw, 151px\" \/><\/a>\n\n<\/p>\n<\/div>\n\n\n\n<div class=\"wp-block-column is-layout-flow wp-block-column-is-layout-flow\" style=\"flex-basis:16.66%\">\n<p><a href=\"http:\/\/www.bak.admin.ch\"><img loading=\"lazy\" decoding=\"async\" class=\"alignnone wp-image-939\" src=\"https:\/\/icomos.bold-concept.com\/wp-content\/uploads\/2016\/01\/EDI_BAK_DFIRE_CMYK_POS_HOCH.jpg\" alt=\"EDI_BAK_DFIRE_CMYK_POS_HOCH\" width=\"150\" height=\"133\"><\/a>\n\n<\/p>\n<\/div>\n<\/div>\n","protected":false},"excerpt":{"rendered":"<p>\u00dcber ICOMOS<\/p>\n","protected":false},"author":1,"featured_media":1060,"parent":0,"menu_order":2,"comment_status":"closed","ping_status":"closed","template":"","meta":{"footnotes":""},"class_list":["post-366","page","type-page","status-publish","has-post-thumbnail","hentry"],"_links":{"self":[{"href":"https:\/\/icomos.bold-concept.com\/it\/wp-json\/wp\/v2\/pages\/366","targetHints":{"allow":["GET"]}}],"collection":[{"href":"https:\/\/icomos.bold-concept.com\/it\/wp-json\/wp\/v2\/pages"}],"about":[{"href":"https:\/\/icomos.bold-concept.com\/it\/wp-json\/wp\/v2\/types\/page"}],"author":[{"embeddable":true,"href":"https:\/\/icomos.bold-concept.com\/it\/wp-json\/wp\/v2\/users\/1"}],"replies":[{"embeddable":true,"href":"https:\/\/icomos.bold-concept.com\/it\/wp-json\/wp\/v2\/comments?post=366"}],"version-history":[{"count":7,"href":"https:\/\/icomos.bold-concept.com\/it\/wp-json\/wp\/v2\/pages\/366\/revisions"}],"predecessor-version":[{"id":9738,"href":"https:\/\/icomos.bold-concept.com\/it\/wp-json\/wp\/v2\/pages\/366\/revisions\/9738"}],"wp:featuredmedia":[{"embeddable":true,"href":"https:\/\/icomos.bold-concept.com\/it\/wp-json\/wp\/v2\/media\/1060"}],"wp:attachment":[{"href":"https:\/\/icomos.bold-concept.com\/it\/wp-json\/wp\/v2\/media?parent=366"}],"curies":[{"name":"wp","href":"https:\/\/api.w.org\/{rel}","templated":true}]}}