{"id":363,"date":"2016-04-07T17:34:21","date_gmt":"2016-04-07T17:34:21","guid":{"rendered":"https:\/\/icomos.bold-concept.com\/it\/?page_id=363"},"modified":"2024-10-15T18:15:17","modified_gmt":"2024-10-15T18:15:17","slug":"dichiarazione-di-non-responsabilita","status":"publish","type":"page","link":"https:\/\/icomos.bold-concept.com\/it\/dichiarazione-di-non-responsabilita\/","title":{"rendered":"Dichiarazione di non responsabilit\u00e0"},"content":{"rendered":"\n<div class=\"wp-block-columns is-layout-flex wp-container-core-columns-is-layout-28f84493 wp-block-columns-is-layout-flex\">\n<div class=\"wp-block-column is-layout-flow wp-block-column-is-layout-flow\">\n<h3 class=\"wp-block-heading\">Responsabilit\u00e0 per i contenuti<\/h3>\n\n\n\n<p>I contenuti di queste pagine sono stati creati con la massima cura. Tuttavia, non \u00e8 possibile garantire l&#8217;accuratezza, la completezza e l&#8217;attualit\u00e0 dei contenuti. In qualit\u00e0 di fornitore di servizi, ICOMOS Suisse \u00e8 responsabile dei propri contenuti su queste pagine ai sensi del \u00a7 7 comma 1 TMG (legge tedesca sui media telematici) e della legge generale. Tuttavia, ai sensi dei \u00a7\u00a7 8-10 TMG, ICOMOS Suisse, in qualit\u00e0 di fornitore di servizi, non \u00e8 obbligata a monitorare le informazioni trasmesse o memorizzate da terzi o a indagare su circostanze che indicano un&#8217;attivit\u00e0 illegale. L&#8217;obbligo di rimuovere o bloccare l&#8217;uso delle informazioni in conformit\u00e0 alla legislazione generale rimane inalterato. Tuttavia, la responsabilit\u00e0 in questo senso \u00e8 possibile solo a partire dal momento in cui si viene a conoscenza di una specifica violazione. Non appena verremo a conoscenza di tali violazioni, il contenuto in questione verr\u00e0 immediatamente rimosso.<\/p>\n\n\n\n<h3 class=\"wp-block-heading\">Responsabilit\u00e0 per i link<\/h3>\n\n\n\n<p>Questo sito web contiene link a siti esterni di terzi sul cui contenuto ICOMOS Suiss non ha alcuna influenza. ICOMOS Suiss non pu\u00f2 quindi assumersi alcuna responsabilit\u00e0 per questi contenuti di terzi. Il rispettivo fornitore o gestore delle pagine \u00e8 sempre responsabile del contenuto delle pagine collegate. Le pagine collegate sono state controllate per verificare la presenza di eventuali violazioni legali al momento del collegamento. I contenuti illegali non erano riconoscibili al momento del collegamento. Tuttavia, un controllo permanente dei contenuti delle pagine collegate non \u00e8 possibile senza prove concrete.<\/p>\n<\/div>\n\n\n\n<div class=\"wp-block-column is-layout-flow wp-block-column-is-layout-flow\">\n<h3 class=\"wp-block-heading\">Copyright<\/h3>\n\n\n\n<p>I contenuti e le opere create dagli operatori del sito su queste pagine sono soggetti alla legge tedesca sul copyright. La riproduzione, la modifica, la distribuzione e qualsiasi tipo di utilizzo al di fuori dei limiti della legge sul copyright richiedono il consenso scritto del creatore. Download e copie di questo sito sono consentiti solo per uso privato e non commerciale. Nella misura in cui i contenuti di questo sito non sono stati creati dal gestore, vengono rispettati i diritti d&#8217;autore di terzi. In particolare, i contenuti di terzi sono contrassegnati come tali.<\/p>\n<\/div>\n<\/div>\n","protected":false},"excerpt":{"rendered":"<p>Disclaimer<\/p>\n","protected":false},"author":1,"featured_media":4305,"parent":0,"menu_order":10,"comment_status":"closed","ping_status":"closed","template":"","meta":{"footnotes":""},"class_list":["post-363","page","type-page","status-publish","has-post-thumbnail","hentry"],"_links":{"self":[{"href":"https:\/\/icomos.bold-concept.com\/it\/wp-json\/wp\/v2\/pages\/363","targetHints":{"allow":["GET"]}}],"collection":[{"href":"https:\/\/icomos.bold-concept.com\/it\/wp-json\/wp\/v2\/pages"}],"about":[{"href":"https:\/\/icomos.bold-concept.com\/it\/wp-json\/wp\/v2\/types\/page"}],"author":[{"embeddable":true,"href":"https:\/\/icomos.bold-concept.com\/it\/wp-json\/wp\/v2\/users\/1"}],"replies":[{"embeddable":true,"href":"https:\/\/icomos.bold-concept.com\/it\/wp-json\/wp\/v2\/comments?post=363"}],"version-history":[{"count":4,"href":"https:\/\/icomos.bold-concept.com\/it\/wp-json\/wp\/v2\/pages\/363\/revisions"}],"predecessor-version":[{"id":8715,"href":"https:\/\/icomos.bold-concept.com\/it\/wp-json\/wp\/v2\/pages\/363\/revisions\/8715"}],"wp:featuredmedia":[{"embeddable":true,"href":"https:\/\/icomos.bold-concept.com\/it\/wp-json\/wp\/v2\/media\/4305"}],"wp:attachment":[{"href":"https:\/\/icomos.bold-concept.com\/it\/wp-json\/wp\/v2\/media?parent=363"}],"curies":[{"name":"wp","href":"https:\/\/api.w.org\/{rel}","templated":true}]}}