{"id":362,"date":"2016-04-07T17:34:18","date_gmt":"2016-04-07T17:34:18","guid":{"rendered":"https:\/\/icomos.bold-concept.com\/it\/?page_id=362"},"modified":"2024-10-15T18:15:06","modified_gmt":"2024-10-15T18:15:06","slug":"protezione-dei-dati","status":"publish","type":"page","link":"https:\/\/icomos.bold-concept.com\/it\/protezione-dei-dati\/","title":{"rendered":"Protezione dei dati"},"content":{"rendered":"\n<div class=\"wp-block-columns is-layout-flex wp-container-core-columns-is-layout-28f84493 wp-block-columns-is-layout-flex\">\n<div class=\"wp-block-column is-layout-flow wp-block-column-is-layout-flow\">\n<p>L&#8217;utilizzo di questo sito web \u00e8 generalmente possibile senza fornire dati personali. Se sul nostro sito web vengono raccolti dati personali (ad es. nome, indirizzo o indirizzo e-mail), ci\u00f2 avviene sempre, per quanto possibile, su base volontaria. Questi dati non saranno trasmessi a terzi senza il vostro esplicito consenso. ICOMOS Suisse desidera sottolineare che la trasmissione di dati su Internet (ad esempio, quando si comunica via e-mail) pu\u00f2 essere soggetta a vulnerabilit\u00e0 di sicurezza. Non \u00e8 possibile proteggere completamente i dati dall&#8217;accesso di terzi. Questo sito web utilizza Google Analytics, un servizio di analisi web di Googe Inc. (\u201cGoogle\u201d) Google Analytics utilizza i cosiddetti \u201ccookie\u201d, ossia file di testo che vengono memorizzati sul vostro computer e che consentono al webmaster di analizzare l&#8217;utilizzo del sito web. Le informazioni generate dal cookie sull&#8217;utilizzo del sito web da parte dell&#8217;utente (compreso il suo indirizzo IP) vengono trasmesse e memorizzate da Google su un server negli Stati Uniti. Google utilizzer\u00e0 queste informazioni allo scopo di analizzare l&#8217;utilizzo del sito web da parte dell&#8217;utente, compilare report sulle attivit\u00e0 del sito web per il gestore del sito web e fornire altri servizi relativi alle attivit\u00e0 del sito web e all&#8217;utilizzo di Internet.<\/p>\n<\/div>\n\n\n\n<div class=\"wp-block-column is-layout-flow wp-block-column-is-layout-flow\">\n<p>Google pu\u00f2 anche trasferire queste informazioni a terzi, se ci\u00f2 \u00e8 richiesto dalla legge o se tali terzi elaborano le informazioni per conto di Google. Google non assocer\u00e0 il vostro indirizzo IP a nessun altro dato posseduto da Google. Potete rifiutarvi di usare i cookie selezionando l&#8217;impostazione appropriata sul vostro browser, ma tenete presente che in tal caso potreste non essere in grado di utilizzare tutte le funzionalit\u00e0 di questo sito web. Utilizzando il presente sito web, acconsentite al trattamento dei vostri dati da parte di Google per le modalit\u00e0 e i fini sopraindicati. Ci opponiamo espressamente all&#8217;utilizzo dei dati di contatto pubblicati nell&#8217;ambito dell&#8217;obbligo di imprinting da parte di terzi per l&#8217;invio di materiale pubblicitario e informativo non richiesto. ICOMOS Suiss si riserva espressamente il diritto di intraprendere azioni legali in caso di invio non richiesto di informazioni pubblicitarie, come ad esempio e-mail di spam.<\/p>\n<\/div>\n<\/div>\n","protected":false},"excerpt":{"rendered":"<p>Datenschutz (it)<\/p>\n","protected":false},"author":1,"featured_media":4303,"parent":0,"menu_order":9,"comment_status":"closed","ping_status":"closed","template":"","meta":{"footnotes":""},"class_list":["post-362","page","type-page","status-publish","has-post-thumbnail","hentry"],"_links":{"self":[{"href":"https:\/\/icomos.bold-concept.com\/it\/wp-json\/wp\/v2\/pages\/362","targetHints":{"allow":["GET"]}}],"collection":[{"href":"https:\/\/icomos.bold-concept.com\/it\/wp-json\/wp\/v2\/pages"}],"about":[{"href":"https:\/\/icomos.bold-concept.com\/it\/wp-json\/wp\/v2\/types\/page"}],"author":[{"embeddable":true,"href":"https:\/\/icomos.bold-concept.com\/it\/wp-json\/wp\/v2\/users\/1"}],"replies":[{"embeddable":true,"href":"https:\/\/icomos.bold-concept.com\/it\/wp-json\/wp\/v2\/comments?post=362"}],"version-history":[{"count":1,"href":"https:\/\/icomos.bold-concept.com\/it\/wp-json\/wp\/v2\/pages\/362\/revisions"}],"predecessor-version":[{"id":8716,"href":"https:\/\/icomos.bold-concept.com\/it\/wp-json\/wp\/v2\/pages\/362\/revisions\/8716"}],"wp:featuredmedia":[{"embeddable":true,"href":"https:\/\/icomos.bold-concept.com\/it\/wp-json\/wp\/v2\/media\/4303"}],"wp:attachment":[{"href":"https:\/\/icomos.bold-concept.com\/it\/wp-json\/wp\/v2\/media?parent=362"}],"curies":[{"name":"wp","href":"https:\/\/api.w.org\/{rel}","templated":true}]}}