{"id":361,"date":"2016-04-07T17:34:16","date_gmt":"2016-04-07T17:34:16","guid":{"rendered":"https:\/\/icomos.bold-concept.com\/it\/?page_id=361"},"modified":"2024-10-15T17:47:35","modified_gmt":"2024-10-15T17:47:35","slug":"gruppo-di-lavoro","status":"publish","type":"page","link":"https:\/\/icomos.bold-concept.com\/it\/gruppo-di-lavoro\/","title":{"rendered":"Gruppo di lavoro"},"content":{"rendered":"\n<div class=\"wp-block-columns is-layout-flex wp-container-core-columns-is-layout-28f84493 wp-block-columns-is-layout-flex\">\n<div class=\"wp-block-column is-layout-flow wp-block-column-is-layout-flow\">\n<p>\nICOMOS Suisse bildet auf Anregung des Vorstandes oder von Mitgliedern auf bestimmte Zeit befristete oder st\u00e4ndige Arbeitsgruppen. Ihr Ziel ist insbesondere die Bearbeitung bestimmter technischer, methodischer, wissenschaftlicher oder organisatorischer Probleme und die Verwirklichung bestimmter Projekte.\n<\/p>\n<\/div>\n\n\n\n<div class=\"wp-block-column is-layout-flow wp-block-column-is-layout-flow\">\n<p>\nDie Arbeitsprogramme sind mit bereits aktiven benachbarten Fachgruppierungen in der Schweiz abgesprochen und die Arbeitsgruppen stehen mit den zielverwandten Comit\u00e9s Sp\u00e9cialis\u00e9s des ICOMOS in engem Kontakt.\n<\/p>\n<\/div>\n<\/div>\n\n\n\n<h2 class=\"wp-block-heading\">Gruppi di lavoro nazionali attivi<\/h2>\n\n\n\n<div class=\"wp-block-columns is-layout-flex wp-container-core-columns-is-layout-28f84493 wp-block-columns-is-layout-flex\">\n<div class=\"wp-block-column is-layout-flow wp-block-column-is-layout-flow\">\n<figure class=\"wp-block-image size-large\"><img loading=\"lazy\" decoding=\"async\" width=\"960\" height=\"575\" src=\"https:\/\/icomos.bold-concept.com\/wp-content\/uploads\/2022\/11\/Haus-f\u00fcr-Haus_EDSJ-1975-960x575.jpg\" alt=\"\" class=\"wp-image-6620\" style=\"aspect-ratio:3\/2;object-fit:cover\" srcset=\"https:\/\/icomos.bold-concept.com\/wp-content\/uploads\/2022\/11\/Haus-f\u00fcr-Haus_EDSJ-1975-960x575.jpg 960w, https:\/\/icomos.bold-concept.com\/wp-content\/uploads\/2022\/11\/Haus-f\u00fcr-Haus_EDSJ-1975-640x384.jpg 640w\" sizes=\"auto, (max-width: 960px) 100vw, 960px\" \/><\/figure>\n\n\n\n<h3 class=\"wp-block-heading\">A Future for whose Past?<\/h3>\n\n\n\n<p>\u00abUn avenir pour notre pass\u00e9\u00bb \u00e9tait le slogan de l\u2019Ann\u00e9e Europ\u00e9enne du Patrimoine 1975. Face aux cons\u00e9quences du changement climatique, de la migration et de l\u2019exclusion, le groupe de travail \u00abAnn\u00e9e du Patrimoine 2025\u00bb se penche sur la question de ce qu\u2019est le pass\u00e9 qualifi\u00e9 de l\u2019adjectif possessif \u00abnotre\u00bb 50 ans plus tard.<\/p>\n\n\n\n<p><a href=\"https:\/\/icomos.bold-concept.com\/workinggroup\/a-future-whose-past\/\" data-type=\"workinggroup\" data-id=\"6598\">saper<\/a><a href=\"https:\/\/icomos.bold-concept.com\/it\/workinggroup\/a-future-whose-past\/\" data-type=\"workinggroup\" data-id=\"6608\">n<\/a><a href=\"https:\/\/icomos.bold-concept.com\/workinggroup\/a-future-whose-past\/\" data-type=\"workinggroup\" data-id=\"6598\">e di pi\u00f9<\/a><\/p>\n<\/div>\n\n\n\n<div class=\"wp-block-column is-layout-flow wp-block-column-is-layout-flow\">\n<figure class=\"wp-block-image size-large\"><img loading=\"lazy\" decoding=\"async\" width=\"960\" height=\"379\" src=\"https:\/\/icomos.bold-concept.com\/wp-content\/uploads\/2016\/01\/arbeitsgruppe-gartendenkmalpflege_header-image-960x379.jpg\" alt=\"\" class=\"wp-image-117\" style=\"aspect-ratio:3\/2;object-fit:cover\" srcset=\"https:\/\/icomos.bold-concept.com\/wp-content\/uploads\/2016\/01\/arbeitsgruppe-gartendenkmalpflege_header-image-960x379.jpg 960w, https:\/\/icomos.bold-concept.com\/wp-content\/uploads\/2016\/01\/arbeitsgruppe-gartendenkmalpflege_header-image-640x253.jpg 640w, https:\/\/icomos.bold-concept.com\/wp-content\/uploads\/2016\/01\/arbeitsgruppe-gartendenkmalpflege_header-image.jpg 1440w\" sizes=\"auto, (max-width: 960px) 100vw, 960px\" \/><\/figure>\n\n\n\n<h3 class=\"wp-block-heading\">Giardini Storici<\/h3>\n\n\n\n<p>Le groupe de travail \u00ab Jardins historiques \u00bb a \u00e9t\u00e9 fond\u00e9 en 1992. Il propose une plate-forme de collaboration entre les sp\u00e9cialistes des diff\u00e9rentes disciplines du domaine de la protection des jardins historiques.<\/p>\n\n\n\n<p><a href=\"https:\/\/icomos.bold-concept.com\/it\/workinggroup\/giardini-storici\/\" data-type=\"workinggroup\" data-id=\"255\">saperne di pi\u00f9<\/a><\/p>\n<\/div>\n\n\n\n<div class=\"wp-block-column is-layout-flow wp-block-column-is-layout-flow\">\n<figure class=\"wp-block-image size-large\"><img loading=\"lazy\" decoding=\"async\" width=\"960\" height=\"640\" src=\"https:\/\/icomos.bold-concept.com\/wp-content\/uploads\/2016\/01\/arbeitsgruppe-hotelsundrestaurants_header-image2-960x640.jpg\" alt=\"\" class=\"wp-image-116\" style=\"aspect-ratio:3\/2;object-fit:cover\" srcset=\"https:\/\/icomos.bold-concept.com\/wp-content\/uploads\/2016\/01\/arbeitsgruppe-hotelsundrestaurants_header-image2-960x640.jpg 960w, https:\/\/icomos.bold-concept.com\/wp-content\/uploads\/2016\/01\/arbeitsgruppe-hotelsundrestaurants_header-image2-640x427.jpg 640w, https:\/\/icomos.bold-concept.com\/wp-content\/uploads\/2016\/01\/arbeitsgruppe-hotelsundrestaurants_header-image2.jpg 1440w\" sizes=\"auto, (max-width: 960px) 100vw, 960px\" \/><\/figure>\n\n\n\n<h3 class=\"wp-block-heading\">Alberghi e ristoranti storici<\/h3>\n\n\n\n<p>La Suisse fait partie des pays europ\u00e9ens h\u00e9bergeant un nombre important de t\u00e9moins historiques de qualit\u00e9 dans le domaine du tourisme.<\/p>\n\n\n\n<p><a href=\"https:\/\/icomos.bold-concept.com\/fr\/workinggroup\/historische-hotels-restaurants\/\" data-type=\"workinggroup\" data-id=\"256\">saperne di pi\u00f9<\/a><\/p>\n<\/div>\n<\/div>\n\n\n\n<h2 class=\"wp-block-heading\">Ex gruppi di lavoro nazionali<\/h2>\n","protected":false},"excerpt":{"rendered":"<p>Arbeitsgruppen &#038; Projekte<\/p>\n","protected":false},"author":1,"featured_media":986,"parent":0,"menu_order":4,"comment_status":"closed","ping_status":"closed","template":"template-arbeitsgruppen.php","meta":{"footnotes":""},"class_list":["post-361","page","type-page","status-publish","has-post-thumbnail","hentry"],"_links":{"self":[{"href":"https:\/\/icomos.bold-concept.com\/it\/wp-json\/wp\/v2\/pages\/361","targetHints":{"allow":["GET"]}}],"collection":[{"href":"https:\/\/icomos.bold-concept.com\/it\/wp-json\/wp\/v2\/pages"}],"about":[{"href":"https:\/\/icomos.bold-concept.com\/it\/wp-json\/wp\/v2\/types\/page"}],"author":[{"embeddable":true,"href":"https:\/\/icomos.bold-concept.com\/it\/wp-json\/wp\/v2\/users\/1"}],"replies":[{"embeddable":true,"href":"https:\/\/icomos.bold-concept.com\/it\/wp-json\/wp\/v2\/comments?post=361"}],"version-history":[{"count":6,"href":"https:\/\/icomos.bold-concept.com\/it\/wp-json\/wp\/v2\/pages\/361\/revisions"}],"predecessor-version":[{"id":8678,"href":"https:\/\/icomos.bold-concept.com\/it\/wp-json\/wp\/v2\/pages\/361\/revisions\/8678"}],"wp:featuredmedia":[{"embeddable":true,"href":"https:\/\/icomos.bold-concept.com\/it\/wp-json\/wp\/v2\/media\/986"}],"wp:attachment":[{"href":"https:\/\/icomos.bold-concept.com\/it\/wp-json\/wp\/v2\/media?parent=361"}],"curies":[{"name":"wp","href":"https:\/\/api.w.org\/{rel}","templated":true}]}}