{"id":1312,"date":"2016-12-13T16:59:09","date_gmt":"2016-12-13T16:59:09","guid":{"rendered":"https:\/\/icomos.bold-concept.com\/it\/organisation-it\/was-wir-tun-it\/publikationen\/"},"modified":"2024-11-04T16:24:25","modified_gmt":"2024-11-04T16:24:25","slug":"publikationen","status":"publish","type":"page","link":"https:\/\/icomos.bold-concept.com\/it\/publikationen\/","title":{"rendered":"Publikationen"},"content":{"rendered":"<h3 class=\"wp-block-heading\">Gartenwege der Schweiz, Band 4: &#8220;Schlossg\u00e4rten zwischen Aare und Seetal. Ausfl\u00fcge in den Alten Aargau&#8221;<\/h3>\r\n<p class=\"bodytext\">Herausgegeben von Peter Paul St\u00f6ckli, Bernhard Kaegi. Hrsg. v. ICOMOS Suisse, Arbeitsgruppe Gartendenkmalpflege. Baden: Hier und Jetzt, 2016<\/p>\r\n<h3 class=\"wp-block-heading\">Monumenta III: Eine Zukunft f\u00fcr unsere Vergangenheit. Zum 40. Jubil\u00e4um des Europ\u00e4ischen Denkmalschutzjahres (1975\u20132015).<\/h3>\r\n<p>Herausgegeben von Michael Falser, Wilfried Lipp (ICOMOS \u00d6sterreich), Berlin 2015.<br \/>\r\n<a title=\"TEXT, Falser Lipp 2015 European Architectural Heritage Year 1975 Cover To C , Falser_Lipp_2015_European_Architectural_Heritage_Year_1975__Cover_ToC_.pdf, 1.0 MB\" href=\"http:\/\/icomos.ch\/fileadmin\/downloads\/groups\/vgi\/Falser_Lipp_2015_European_Architectural_Heritage_Year_1975__Cover_ToC_.pdf\">Titel und Inhaltsverzeichnis der Publikation<\/a><\/p>\r\n<h3 class=\"wp-block-heading\">Was kommt? Was bleibt? Quel avenir? Quel patrimoine? Quale futuro? Quale patrimonio?<\/h3>\r\n<p>Hrsg. v. ICOMOS Suisse. Baden: Hier und Jetzt, 2016.<\/p>\r\n<h3 class=\"wp-block-heading\">Gartenwege der Schweiz, Bd. 3: Bauerng\u00e4rten zwischen S\u00e4ntis und Bodensee.<\/h3>\r\n<p>Roman H\u00e4ne, Meinrad Gschwend, Mariann K\u00fcnzi. Hrsg. v. ICOMOS Suisse, Arbeitsgruppe Gartendenkmalpflege. Baden: Hier und Jetzt, 2015.<\/p>\r\n<h3 class=\"wp-block-heading\">MONUMENTA II: Conservation of Monuments and Sites &#8211; International Principles in Theory and Practice. Denkmalpflege &#8211; Internationale Grunds\u00e4tze in Theorie und Praxis.<\/h3>\r\n<p>Michael Petzet. Hrsg.: ICOMOS Deutschland, ICOMOS Luxemburg, ICOMOS \u00d6sterreich, ICOMOS Schweiz. Berlin: B\u00e4ssler, 2013.<br \/>\r\nDownload <a href=\"http:\/\/icomos.ch\/fileadmin\/downloads\/organisation\/publications\/monumenta2.pdf\" target=\"_blank\" rel=\"noopener\">PDF<\/a>.<\/p>\r\n<h3 class=\"wp-block-heading\">Eine Zukunft f\u00fcr die historische Verkehrslandschaft Gotthard<\/h3>\r\n<p>Publikation zum Symposium vom 6. und 7. September 2013 in Altdorf. Herausgegeben von der Schweizerischen Akademie der Geistes- und Sozialwissenschaften, (Swiss Academics Report 9 (5)), Bern 2014. \u00a0Organisiert von der ICOMOS Suisse Arbeitsgruppe Industriekultur: Kilian T. Elsasser, Ueli Habegger, Georg Kreis.<br \/>\r\nDownload <a href=\"http:\/\/icomos.ch\/fileadmin\/downloads\/groups\/industries\/report0905.pdf\" target=\"_blank\" rel=\"noopener\">PDF<\/a><\/p>\r\n<h3 class=\"wp-block-heading\">Das Marburger Bausystem. Offenheit als Prinzip<\/h3>\r\n<p>Hrsg. v. Silke Langenberg, Sulgen: Niggli Verlag, 2013.<\/p>\r\n<h3 class=\"wp-block-heading\">Gartenwege der Schweiz, Bd. 2: Siedlungsg\u00e4rten des 20. Jahrhunderts in Basel und Umgebung<\/h3>\r\n<p>Hrsg. von der ICOMOS Suisse Arbeitsgruppe Gartendenkmalpflege, Baden: hier+jetzt, 2013.<\/p>\r\n<h3 class=\"wp-block-heading\">Gartenwege der Schweiz, Bd. 1: Landschaftsg\u00e4rten des 19. Jahrhunderts in Basel und Umgebung<\/h3>\r\n<p>Hrsg. von der ICOMOS Suisse Arbeitsgruppe Gartendenkmalpflege, Baden: hier+jetzt, 2012.<\/p>\r\n<h3 class=\"wp-block-heading\">Kulturgut in Bewegung \u2013 \u00dcber Ortsgebundenheit und Ortswechsel<\/h3>\r\n<p>Akten der Tagung vom 2.\/3. November 2012 in Lausanne, herausgegeben von der Nationalen Informationsstelle f\u00fcr Kulturg\u00fcter-Erhaltung NIKE, dem Bundesamt f\u00fcr Kultur und ICOMOS Schweiz beim Verlag Schwabe in Basel, 2013.<\/p>\r\n<h3 class=\"wp-block-heading\">Monumenta I: Internationale Grunds\u00e4tze und Richtlinien der Denkmalpflege<\/h3>\r\n<p>Herausgegeben von ICOMOS Deutschland, ICOMOS \u00d6sterreich, ICOMOS Luxemburg, ICOMOS Schweiz, Stuttgart: Fraunhofer IRB Verlag 2012.<br \/>\r\nDownload <a href=\"http:\/\/icomos.ch\/fileadmin\/downloads\/organisation\/publications\/Monumenta_I.pdf\" target=\"_blank\" rel=\"noopener\">PDF<\/a><\/p>\r\n<h3 class=\"wp-block-heading\">Netzwerk Kulturlandschaft. Auch eine Aufgabe f\u00fcr Arch\u00e4ologie und Denkmalpflege<\/h3>\r\n<p>Akten der Tagung vom 29.\/30. Oktober 2010 in Fribourg, herausgegeben von der Nationalen Informationsstelle f\u00fcr Kulturg\u00fcter-Erhaltung NIKE, dem Bundesamt f\u00fcr Kultur und ICOMOS Schweiz beim Verlag Schwabe in Basel, 2012.<\/p>\r\n<h3 class=\"wp-block-heading\">Historische Hotels und Restaurants in der Schweiz<\/h3>\r\n<p>Hrgs. v. ICOMOS Schweiz, In Zusammenarbeit mit GastroSuisse, hotelleriesuisse, Schweiz Tourismus. Verlag hier+jetzt, Baden 2005 &#8211; 2013.<br \/>\r\nAusgabe 2014: <a href=\"http:\/\/icomos.ch\/fileadmin\/downloads\/groups\/hotels\/RZ_HistHotels2014_20120912_ko.pdf\" target=\"_blank\" rel=\"noopener\">PDF<\/a><\/p>\r\n<h3 class=\"wp-block-heading\">Nutzen und Zierde. F\u00fcnfzig historische G\u00e4rten der Schweiz.<\/h3>\r\n<p>Brigitt Sigel, Catherine Waeber, Katharina Medici-Mall (Hg.), Nutzen und Zierde. F\u00fcnfzig historische G\u00e4rten der Schweiz. Verlag Scheidegger &amp; Spiess, Z\u00fcrich 2006 (Vergriffen).<\/p>\r\n<h3 class=\"wp-block-heading\">Basler M\u00f6belkunst von 1450 bis 1950.<\/h3>\r\n<p>Dieter Pfister, Sabine H\u00e4berli, Astrid K\u00fcbli, Basler M\u00f6belkunst von 1450 bis 1950. Das Schweizer M\u00f6bel 1, Publikationsreihe des ICOMOS-Arbeitsgruppe Historische M\u00f6bel und Interieurs, Verlag Schwabe Basel 2002 (Vergriffen).<\/p>\r\n<h3 class=\"wp-block-heading\">Weltkulturg\u00fcter. Warum? Wieviel? Wozu?<br \/>\r\nQuel patrimoine culturel mondial. Pour qui et comment?<\/h3>\r\n<p>Akten der Tagung in Bern vom 11. Juni 1999. ICOMOS Schweiz \/ Suisse (Hrsg.), mit Beitr\u00e4gen von Hans Rutishauser, Georges E. Zouhain, Henry Cleere, Fran\u00e7oise Choay, Andr\u00e9 Meyer, Wilfried Lipp, Bernhard Furrer und Gian-Willy Vonesch, Redaktion: Dolores Denaro, Bern 2000.<\/p>\r\n<h3 class=\"wp-block-heading\">Heritage at Risk. Patrimoine en P\u00e9ril. Patrimonio en Peligro.<\/h3>\r\n<p>ICOMOS world report 2000 on monuments and sites in danger. ICOMOS rapport mondial 2000 sur des monuments et des sites en p\u00e9ril. ICOMOS informe mundial 2000 sobre monumentos y sitios en peligro, Dinu Bumbaru, Sheridan Burke, Michael Petzet, Marilyn Truscott, John Ziesemer (Hrsg.), M\u00fcnchen 2000.<\/p>\r\n<h3 class=\"wp-block-heading\">Untersuchen und Dokumentieren von bemalten Holzdecken und T\u00e4felungen.<\/h3>\r\n<p>Ulrich Schiessl, Untersuchen und Dokumentieren von bemalten Holzdecken und T\u00e4felungen. Mit einer allgemeinen Einf\u00fchrung in die Grundlagen der Dokumentationsarbeit des Restaurators, Bern, Stuttgart 1991.<\/p>\r\n<h3 class=\"wp-block-heading\">Methoden zur Erhaltung von Kulturg\u00fctern. M\u00e9thodes de conservation des biens culturels. Methods for the preservation of Cultural Properties.<\/h3>\r\n<p>Forschungsresultate aus dem Nationalen Forschungsprojekt 16 des Schweizerischen Nationalfonds zur F\u00f6rderung der wissenschaftlichen Forschung, Verena Villiger, Fran\u00e7ois Schweizer (Hrsg.), Bern, Stuttgart 1989.<\/p>\r\n","protected":false},"excerpt":{"rendered":"<p>Publikationen<\/p>\n","protected":false},"author":1,"featured_media":4229,"parent":0,"menu_order":6,"comment_status":"closed","ping_status":"closed","template":"","meta":{"footnotes":""},"class_list":["post-1312","page","type-page","status-publish","has-post-thumbnail","hentry"],"_links":{"self":[{"href":"https:\/\/icomos.bold-concept.com\/it\/wp-json\/wp\/v2\/pages\/1312","targetHints":{"allow":["GET"]}}],"collection":[{"href":"https:\/\/icomos.bold-concept.com\/it\/wp-json\/wp\/v2\/pages"}],"about":[{"href":"https:\/\/icomos.bold-concept.com\/it\/wp-json\/wp\/v2\/types\/page"}],"author":[{"embeddable":true,"href":"https:\/\/icomos.bold-concept.com\/it\/wp-json\/wp\/v2\/users\/1"}],"replies":[{"embeddable":true,"href":"https:\/\/icomos.bold-concept.com\/it\/wp-json\/wp\/v2\/comments?post=1312"}],"version-history":[{"count":2,"href":"https:\/\/icomos.bold-concept.com\/it\/wp-json\/wp\/v2\/pages\/1312\/revisions"}],"predecessor-version":[{"id":8771,"href":"https:\/\/icomos.bold-concept.com\/it\/wp-json\/wp\/v2\/pages\/1312\/revisions\/8771"}],"wp:featuredmedia":[{"embeddable":true,"href":"https:\/\/icomos.bold-concept.com\/it\/wp-json\/wp\/v2\/media\/4229"}],"wp:attachment":[{"href":"https:\/\/icomos.bold-concept.com\/it\/wp-json\/wp\/v2\/media?parent=1312"}],"curies":[{"name":"wp","href":"https:\/\/api.w.org\/{rel}","templated":true}]}}