{"id":9871,"date":"2025-10-30T21:33:05","date_gmt":"2025-10-30T21:33:05","guid":{"rendered":"https:\/\/icomos.bold-concept.com\/?page_id=9871"},"modified":"2025-10-30T21:52:12","modified_gmt":"2025-10-30T21:52:12","slug":"notre-histoire","status":"publish","type":"page","link":"https:\/\/icomos.bold-concept.com\/fr\/organisation\/notre-histoire\/","title":{"rendered":"Notre histoire"},"content":{"rendered":"\n<p>1965, 25 mars&nbsp;: premi\u00e8re s\u00e9ance constitutive \u00e0 Berne, au Bernerhof, sous l\u2019\u00e9gide du secr\u00e9taire de la commission suisse de l\u2019UNESCO.<\/p>\n\n\n\n<p>Pr\u00e9paration de la fondation d\u2019ICOMOS International; le prof. Alfred A. Schmid est nomm\u00e9 pr\u00e9sident. Il a pour mission de repr\u00e9senter la Suisse dans le cadre du colloque international de l\u2019ICOMOS en avril \u00e0 Rome et en juin \u00e0 Varsovie.<\/p>\n\n\n\n<p>1965, 3 juin&nbsp;: deuxi\u00e8me r\u00e9union \u00e0 Zurich&nbsp;; une d\u00e9l\u00e9gation suisse est d\u00e9sign\u00e9e pour Varsovie.<\/p>\n\n\n\n<p>1965, 21-22 juin&nbsp;: fondation d\u2019ICOMOS International \u00e0 Varsovie.<\/p>\n\n\n\n<p>1966, 15 septembre&nbsp;: r\u00e9union constitutive d\u2019ICOMOS Suisse \u00e0 Coire. Dans le cadre de la premi\u00e8re assembl\u00e9e des membres a lieu l\u2019adoption des statuts initiaux de l\u2019ICOMOS .<\/p>\n\n\n\n<p><strong>Statuts<\/strong><\/p>\n\n\n\n<p>1966&nbsp;: premi\u00e8re version. Modification des statuts en 1978, 1993, 2009, 2014.<\/p>\n\n\n\n<h2 class=\"wp-block-heading\">Mitgliederversammlungen, Vorstand, Ehrenmitglieder<\/h2>\n\n\n\n<div class=\"wp-block-columns is-layout-flex wp-container-core-columns-is-layout-28f84493 wp-block-columns-is-layout-flex\">\n<div class=\"wp-block-column is-layout-flow wp-block-column-is-layout-flow\">\n<h3 class=\"wp-block-heading\"><strong><strong>Assembl\u00e9es g\u00e9n\u00e9rales annuelles des membres<\/strong><\/strong><\/h3>\n\n\n\n<p>Depuis 1966, une assembl\u00e9e des membres a lieu tous les ans . Jusqu\u2019en 1978, les assembl\u00e9es g\u00e9n\u00e9rales de l\u2019ICOMOS ont \u00e9t\u00e9 organis\u00e9es en liaison avec la rencontre annuelle de la Commission f\u00e9d\u00e9rale des monuments historiques\u00a0 (CFMH). Depuis 1979, les assembl\u00e9es g\u00e9n\u00e9rales annuelles ont lieu de mani\u00e8re ind\u00e9pendante. Voir le tableau en annexe<\/p>\n<\/div>\n\n\n\n<div class=\"wp-block-column is-layout-flow wp-block-column-is-layout-flow\">\n<h3 class=\"wp-block-heading\"><strong><strong>Les pr\u00e9sidents d&#8217;ICOMOS Suisse<\/strong><\/strong><\/h3>\n\n\n\n<p>1966 &#8211; 1970: Alfred A. Schmid <br>1970 &#8211; 1979: Fritz Lauber <br>1979 &#8211; 1984: Karl Keller <br>1984 &#8211; 1991: Claude Jaccottet <br>1991 &#8211; 2000: Hans Rutishauser <br>2000 &#8211; 2008: Daniel Gutscher <br>2008 &#8211; 2015: Eduard M\u00fcller <br>2015 &#8211; 2024: Niklaus Ledergerber<br>2024 &#8211;          Sabine Nemec-Piguet<\/p>\n\n\n\n<p><a href=\"https:\/\/icomos.bold-concept.com\/wp-content\/uploads\/2017\/02\/ICOMOS_Tabelle-Vorstandsmitglieder-seit-1967.xls\">Tabelle Vorstandsmitglieder seit 1967<\/a><\/p>\n<\/div>\n\n\n\n<div class=\"wp-block-column is-layout-flow wp-block-column-is-layout-flow\">\n<h3 class=\"wp-block-heading\"><strong>Les membres d&#8217;honneur d&#8217;ICOMOS Suisse<\/strong>Activit\u00e9s d&#8217;ICOMOS Suisse<\/h3>\n\n\n\n<p>1990, 30 mars\u00a0: r\u00e9union des membres \u00e0 Fribourg\u00a0; Alfred A. Schmid est nomm\u00e9 membre d\u2019honneur.<br>1991, 22 mars\u00a0: assembl\u00e9e des membres \u00e0 Berne\u00a0; Claude Jaccottet est nomm\u00e9 membre d\u2019honneur.<\/p>\n<\/div>\n<\/div>\n\n\n\n<h2 class=\"wp-block-heading\">Aktivit\u00e4ten von ICOMOS Suisse<\/h2>\n\n\n\n<div class=\"wp-block-columns is-layout-flex wp-container-core-columns-is-layout-28f84493 wp-block-columns-is-layout-flex\">\n<div class=\"wp-block-column is-layout-flow wp-block-column-is-layout-flow\">\n<h3 class=\"wp-block-heading\"><strong><strong>Groupes de travail<\/strong><\/strong><\/h3>\n\n\n\n<p>En 1993, en lien avec les modifications des statuts, la d\u00e9cision a \u00e9t\u00e9 prise de cr\u00e9er des groupes de travail autonomes. La modification de statuts de 2014 inclut celle des groupes de travail. Dor\u00e9navant, ces derniers sont cr\u00e9\u00e9s autour d\u2019un projet limit\u00e9 dans le temps (6 ans au maximum).<\/p>\n\n\n\n<p>L\u2019\u00e9num\u00e9ration qui suit est exhaustive, avec la pr\u00e9cision suivante. En 1996 a eu lieu une collaboration avec l\u2019Estonie sous l\u2019\u00e9gide de T\u00f6nis Kask, qui n\u2019a pas trouv\u00e9 son ancrage dans les archives de l\u2019ICOMOS. Un \u00e9change entre les deux pays a eu lieu, une d\u00e9l\u00e9gation estonienne participant m\u00eame \u00e0 l\u2019assembl\u00e9e g\u00e9n\u00e9rale de 1996 \u00e0 Zurich.<\/p>\n\n\n\n<p><strong>1992<\/strong>&nbsp;Fondation du groupe de travail&nbsp;<strong>Jardins historiques,<br><\/strong>Responsable&nbsp;: 1992 \u2013 2001 Guido Hager ; 2001 \u2013 2011 Judith Rohrer-Amberg&nbsp;; depuis 2012, Brigitte Frei-Heitz<\/p>\n\n\n\n<p><strong>1993<\/strong>&nbsp;Fondation du groupe de travail&nbsp;<strong>H\u00f4tels et restaurants historiques<\/strong><strong><br><\/strong>Membres fondateurs&nbsp;: Georg Carlen, Eric Teysseire, Martin Fr\u00f6hlich, Roland Fl\u00fcckiger<br>L\u2019id\u00e9e de la remise d\u2019un prix date de 1995 (dans le cadre du colloque \u00ab&nbsp;Sauvegarde et exploitation des h\u00f4tels historiques&nbsp;\u00bb \u00e0 Lucerne, au Casino)&nbsp;; premi\u00e8re remise du prix en 1997<br>Responsable et pr\u00e9sident du jury&nbsp;: 1996 Hans Rutishauser ; 1997-2004 Roland Fl\u00fcckiger ; 2005 \u2013 2011 Peter Omachen ; 2020 &#8211; 2019 Gerold Kunz ; depuis 2020 Moritz Flury-Rova<\/p>\n\n\n\n<p><strong>1993-2011<\/strong>&nbsp;Groupe de travail&nbsp;<strong>Formation permanente<\/strong><strong><br><\/strong>Responsables&nbsp;: Peter Baumgartner, Marion Wohlleben, Christian Marty<br>2012&nbsp;: nouvelle constitution en tant que plate-forme de formation permanente, en collaboration avec l\u2019Office f\u00e9d\u00e9ral de la culture (OFC), le Centre national d\u2019information sur le patrimoine (NIKE) et ICOMOS Suisse<\/p>\n\n\n\n<p><strong>1999-2010<\/strong>&nbsp;Groupe de travail restauration \u00e0&nbsp;<strong>La Havane<\/strong>, Cuba<br>Responsable&nbsp;: 1999 \u2013 2010 Peter Widmer<\/p>\n\n\n\n<p><strong>2001 \u2013 2012<\/strong>&nbsp;Groupe de travail&nbsp;<strong>Mobilier et am\u00e9nagements historiques<\/strong><strong><br><\/strong>Responsables : 2001-2010 Ulli Freyer ; 2010-2012&nbsp;Manuel Kehrli<\/p>\n\n\n\n<p><strong>2002 \u2013 2014&nbsp;<\/strong>Groupe de travail&nbsp;<strong>Culture industrielle<\/strong><strong><br><\/strong>Responsable 2002 \u2013 2010 : J\u00fcrg Ganz ;&nbsp; 2011 \u2013 2014 : Kilian Elsasser<\/p>\n\n\n\n<p><strong>2007&nbsp;<\/strong>Fondation du groupe de travail<strong>&nbsp;Cimeti\u00e8res et monuments isol\u00e9s<\/strong><strong><br><\/strong>Responsable 2007 \u2013 2014&nbsp;: Ivo Zemp<br><strong>2016&nbsp;<\/strong>Nouveau lancement sous le nom&nbsp;<strong>Cimeti\u00e8res historiques<\/strong><strong><br><\/strong>Responsable&nbsp;: Lambrini Koutoussaki<\/p>\n\n\n\n<p><strong>2016<\/strong>&nbsp;Fondation du groupe de travail&nbsp;<strong>Syst\u00e8mes et s\u00e9ries<br><\/strong>Responsable&nbsp;: Silke Langenberg<\/p>\n<\/div>\n\n\n\n<div class=\"wp-block-column is-layout-flow wp-block-column-is-layout-flow\">\n<h3 class=\"wp-block-heading\"><strong><strong>Colloque du vendredi en collaboration avec l\u2019EPF de Zurich<\/strong><\/strong><\/h3>\n\n\n\n<p><strong><strong>chaire de sauvegarde des monuments historiques, 1987-2006<\/strong><\/strong> Succ\u00e8de aux colloques baptis\u00e9s du nom du Prof. Dr. Alfred Kn\u00f6pfli ; agend\u00e9s le vendredi de 16.00 \u00e0 18.00 heures, ils sont organis\u00e9s par ICOMOS Suisse en collaboration avec le prof. Dr. Georg M\u00f6rsch<\/p>\n\n\n\n<p><a href=\"https:\/\/icomos.bold-concept.com\/wp-content\/uploads\/2017\/02\/Freitagskolloquium-Liste.pdf\">Liste Freitagskolloquium 1987-2006<\/a><\/p>\n\n\n\n<h3 class=\"wp-block-heading\"><strong><strong>Colloques scientifiques<\/strong><\/strong><\/h3>\n\n\n\n<p>Il n\u2019est pas possible de dresser une liste exhaustive de tous les colloques scientifiques organis\u00e9s par ICOMOS Suisse seul ou en collaboration avec d\u2019autres organisations. Les archives d\u2019ICOMOS Suisse fournissent un certain nombre de renseignements \u00e0 ce sujet.<\/p>\n\n\n\n<h3 class=\"wp-block-heading\"><strong><strong>Manifestations d\u2019ICOMOS International en Suisse sous l\u2019\u00e9gide d\u2019ICOMOS Suisse<\/strong><\/strong><\/h3>\n\n\n\n<p><strong>1990, 6-11 octobre\u00a0:\u00a0<\/strong>9<sup>e<\/sup>\u00a0Assembl\u00e9e G\u00e9n\u00e9rale d\u2019ICOMOS International \u00e0 Lausanne.<br><strong>2008, mai :\u00a0<\/strong>\u00e0 Berne et dans les environs, rencontre du groupe Europe d\u2019ICOMOS.<\/p>\n<\/div>\n<\/div>\n\n\n\n<h2 class=\"wp-block-heading\">Internationale Zusammenarbeit<\/h2>\n\n\n\n<p>Des liens souples se sont tiss\u00e9s au cours des ann\u00e9es entre les comit\u00e9s nationaux de langue allemande, Allemagne, Luxembourg, Autriche et Suisse. Cette coop\u00e9ration s\u2019est traduite en 2012 par la concr\u00e9tisation de la s\u00e9rie de publications Monumenta. \u00c0 intervalle irr\u00e9gulier y sont abord\u00e9s divers th\u00e8mes de la conservation du patrimoine qui pr\u00e9sentent une certaine importance aux yeux de l\u2019espace culturel de langue allemande. Ainsi, le volume I de Monumenta offre-t-il la premi\u00e8re traduction compl\u00e8te de l\u2019ensemble des documents fondamentaux internationaux et des directives pertinents en mati\u00e8re de sauvegarde du patrimoine.<\/p>\n\n\n\n<p>Vous trouverez\u00a0<a href=\"https:\/\/www.icomos.de\/index.php?lang=Englisch&amp;contentid=203&amp;navid=282\" target=\"_blank\" rel=\"noreferrer noopener\">ici<\/a>\u00a0toute la s\u00e9rie de publications Monumenta.<br>Vous trouverez\u00a0<a href=\"https:\/\/www.icomos.org\/fr\/a-propos-de-licomos\/les-comites\/comites?start=5\" target=\"_blank\" rel=\"noreferrer noopener\">ici<\/a>\u00a0tous les comit\u00e9s nationaux d\u2019ICOMOS Suisse.Collaboration internationale<\/p>\n\n\n\n<p><strong><strong>Archives<\/strong><\/strong> La totalit\u00e9 des archives d\u2019ICOMOS Suisse sont d\u00e9pos\u00e9es aux Archives f\u00e9d\u00e9rales des monuments historiques (AFMH), o\u00f9 elles peuvent \u00eatre consult\u00e9es. Les nouveaux documents y sont vers\u00e9s \u00e0 intervalle r\u00e9gulier.<\/p>\n\n\n\n<h2 class=\"wp-block-heading\">Nachrufe<\/h2>\n\n\n<ul class=\"wp-block-latest-posts__list is-grid columns-3 wp-block-latest-posts\"><li><a class=\"wp-block-latest-posts__post-title\" href=\"https:\/\/icomos.bold-concept.com\/fr\/necrologies\/necrologie\/\">N\u00e9crologie<\/a><div class=\"wp-block-latest-posts__post-excerpt\">In Memoriam Sibylle Heusser de Jean-Pierre Lewerer, Membre d&#8217;ICOMOS Suisse<\/div><\/li>\n<li><a class=\"wp-block-latest-posts__post-title\" href=\"https:\/\/icomos.bold-concept.com\/fr\/necrologies\/in-memoriam-du-dr-juerg-ganz\/\">IN MEMORIAM DR. J\u00dcRG GANZ (f)<\/a><div class=\"wp-block-latest-posts__post-excerpt\">Dans le cadre d\u2019une r\u00e9trospective, J\u00fcrg Ganz affirma en 2006 : \u00ab Peut-\u00eatre devient-on avant tout conservateur lorsque l\u2019on n\u2019arrive pas \u00e0 se d\u00e9cider pour une carri\u00e8re et que l\u2019on\u2026 <a class=\"wp-block-latest-posts__read-more\" href=\"https:\/\/icomos.bold-concept.com\/fr\/necrologies\/in-memoriam-du-dr-juerg-ganz\/\" rel=\"noopener noreferrer\">Read more<span class=\"screen-reader-text\">: IN MEMORIAM DR. J\u00dcRG GANZ (f)<\/span><\/a><\/div><\/li>\n<\/ul>","protected":false},"excerpt":{"rendered":"<p>Notre histoire<\/p>\n","protected":false},"author":1,"featured_media":4230,"parent":238,"menu_order":0,"comment_status":"closed","ping_status":"closed","template":"","meta":{"footnotes":""},"class_list":["post-9871","page","type-page","status-publish","has-post-thumbnail","hentry"],"_links":{"self":[{"href":"https:\/\/icomos.bold-concept.com\/fr\/wp-json\/wp\/v2\/pages\/9871","targetHints":{"allow":["GET"]}}],"collection":[{"href":"https:\/\/icomos.bold-concept.com\/fr\/wp-json\/wp\/v2\/pages"}],"about":[{"href":"https:\/\/icomos.bold-concept.com\/fr\/wp-json\/wp\/v2\/types\/page"}],"author":[{"embeddable":true,"href":"https:\/\/icomos.bold-concept.com\/fr\/wp-json\/wp\/v2\/users\/1"}],"replies":[{"embeddable":true,"href":"https:\/\/icomos.bold-concept.com\/fr\/wp-json\/wp\/v2\/comments?post=9871"}],"version-history":[{"count":4,"href":"https:\/\/icomos.bold-concept.com\/fr\/wp-json\/wp\/v2\/pages\/9871\/revisions"}],"predecessor-version":[{"id":9897,"href":"https:\/\/icomos.bold-concept.com\/fr\/wp-json\/wp\/v2\/pages\/9871\/revisions\/9897"}],"up":[{"embeddable":true,"href":"https:\/\/icomos.bold-concept.com\/fr\/wp-json\/wp\/v2\/pages\/238"}],"wp:featuredmedia":[{"embeddable":true,"href":"https:\/\/icomos.bold-concept.com\/fr\/wp-json\/wp\/v2\/media\/4230"}],"wp:attachment":[{"href":"https:\/\/icomos.bold-concept.com\/fr\/wp-json\/wp\/v2\/media?parent=9871"}],"curies":[{"name":"wp","href":"https:\/\/api.w.org\/{rel}","templated":true}]}}