{"id":9870,"date":"2025-10-30T21:34:22","date_gmt":"2025-10-30T21:34:22","guid":{"rendered":"https:\/\/icomos.bold-concept.com\/?page_id=9870"},"modified":"2025-10-30T21:52:18","modified_gmt":"2025-10-30T21:52:18","slug":"assemblee-des-membres","status":"publish","type":"page","link":"https:\/\/icomos.bold-concept.com\/fr\/organisation\/assemblee-des-membres\/","title":{"rendered":"Assembl\u00e9e des membres"},"content":{"rendered":"<ul class=\"wp-block-latest-posts__list is-grid columns-3 wp-block-latest-posts\"><li><a class=\"wp-block-latest-posts__post-title\" href=\"https:\/\/icomos.bold-concept.com\/fr\/actuel\/assemblee-annuelle-2025\/\">Assembl\u00e9es annuelle 2025\/2026<\/a><\/li>\n<li><a class=\"wp-block-latest-posts__post-title\" href=\"https:\/\/icomos.bold-concept.com\/fr\/assemblees-annuelles\/icomos-suisse-assemblee-generale-2025-2-4-mai-fully-martigny-in-arbeit\/\">ICOMOS Suisse Assembl\u00e9e g\u00e9n\u00e9rale 2025,     2-4 mai, Fully\/Martigny<\/a><\/li>\n<li><a class=\"wp-block-latest-posts__post-title\" href=\"https:\/\/icomos.bold-concept.com\/fr\/actuel\/icomos-suisse-assemblee-generale-2023-5-et-6-mai-a-mendrisio\/\">Icomos Suisse Assembl\u00e9e g\u00e9n\u00e9rale 2023, 5 et 6 mai \u00e0 Mendrisio<\/a><\/li>\n<li><a class=\"wp-block-latest-posts__post-title\" href=\"https:\/\/icomos.bold-concept.com\/fr\/actuel\/icomos-suisse-assemblee-generale-2022-6-et-7-mai-a-zurich\/\">Icomos Suisse Assembl\u00e9e g\u00e9n\u00e9rale 2022, 6 et 7 mai \u00e0 Zurich<\/a><\/li>\n<li><a class=\"wp-block-latest-posts__post-title\" href=\"https:\/\/icomos.bold-concept.com\/fr\/actuel\/icomos-suisse-assemblee-generale-2021-24-et-25-septembre-a-nyon-vd\/\">Icomos Suisse Assembl\u00e9e g\u00e9n\u00e9rale 2021, 24 et 25 septembre \u00e0 Nyon (VD)<\/a><\/li>\n<li><a class=\"wp-block-latest-posts__post-title\" href=\"https:\/\/icomos.bold-concept.com\/fr\/actuel\/resultat-des-elections-de-lassemblee-generale-annuelle-2020-dicomos-suisse\/\">R\u00e9sultat des \u00e9lections de l\u2019assembl\u00e9e g\u00e9n\u00e9rale annuelle 2020 d\u2019ICOMOS Suisse<\/a><\/li>\n<li><a class=\"wp-block-latest-posts__post-title\" href=\"https:\/\/icomos.bold-concept.com\/fr\/actuel\/assemblee-generale-2018\/\">ICOMOS Suisse Assembl\u00e9e g\u00e9n\u00e9rale 2018 et Colloque sur les fronti\u00e8res de l\u2019espace culturel, Rorschach 26.05.2018<\/a><\/li>\n<\/ul>\n\n\n<p><\/p>\n","protected":false},"excerpt":{"rendered":"<p>Assembl\u00e9e des membres<\/p>\n","protected":false},"author":1,"featured_media":10007,"parent":238,"menu_order":1,"comment_status":"closed","ping_status":"closed","template":"","meta":{"footnotes":""},"class_list":["post-9870","page","type-page","status-publish","has-post-thumbnail","hentry"],"_links":{"self":[{"href":"https:\/\/icomos.bold-concept.com\/fr\/wp-json\/wp\/v2\/pages\/9870","targetHints":{"allow":["GET"]}}],"collection":[{"href":"https:\/\/icomos.bold-concept.com\/fr\/wp-json\/wp\/v2\/pages"}],"about":[{"href":"https:\/\/icomos.bold-concept.com\/fr\/wp-json\/wp\/v2\/types\/page"}],"author":[{"embeddable":true,"href":"https:\/\/icomos.bold-concept.com\/fr\/wp-json\/wp\/v2\/users\/1"}],"replies":[{"embeddable":true,"href":"https:\/\/icomos.bold-concept.com\/fr\/wp-json\/wp\/v2\/comments?post=9870"}],"version-history":[{"count":2,"href":"https:\/\/icomos.bold-concept.com\/fr\/wp-json\/wp\/v2\/pages\/9870\/revisions"}],"predecessor-version":[{"id":9898,"href":"https:\/\/icomos.bold-concept.com\/fr\/wp-json\/wp\/v2\/pages\/9870\/revisions\/9898"}],"up":[{"embeddable":true,"href":"https:\/\/icomos.bold-concept.com\/fr\/wp-json\/wp\/v2\/pages\/238"}],"wp:featuredmedia":[{"embeddable":true,"href":"https:\/\/icomos.bold-concept.com\/fr\/wp-json\/wp\/v2\/media\/10007"}],"wp:attachment":[{"href":"https:\/\/icomos.bold-concept.com\/fr\/wp-json\/wp\/v2\/media?parent=9870"}],"curies":[{"name":"wp","href":"https:\/\/api.w.org\/{rel}","templated":true}]}}