{"id":238,"date":"2015-12-12T18:00:08","date_gmt":"2015-12-12T18:00:08","guid":{"rendered":"https:\/\/icomos.bold-concept.com\/fr\/organisation\/"},"modified":"2025-10-30T21:51:16","modified_gmt":"2025-10-30T21:51:16","slug":"organisation","status":"publish","type":"page","link":"https:\/\/icomos.bold-concept.com\/fr\/organisation\/","title":{"rendered":"Organisation"},"content":{"rendered":"\n<h2 class=\"wp-block-heading\">Qui nous sommes<\/h2>\n\n\n\n<div class=\"wp-block-columns is-layout-flex wp-container-core-columns-is-layout-28f84493 wp-block-columns-is-layout-flex\">\n<div class=\"wp-block-column is-layout-flow wp-block-column-is-layout-flow\">\n<p>La section nationale suisse du Conseil international des monuments et des sites est une association r\u00e9unissant des sp\u00e9cialistes engag\u00e9s dans la conservation du patrimoine. Ils sont actifs dans les domaines de l&#8217;architecture, du paysage, du patrimoine, de l&#8217;arch\u00e9ologie, de l&#8217;inventorisation, de la restauration, tant sur le plan scientifique que technique. Les objectifs de l&#8217;ICOMOS sont la protection, la conservation et la surveillance des monuments, des ensembles et des p\u00e9rim\u00e8tres dignes de protection selon des crit\u00e8res homog\u00e8nes. Cette activit\u00e9 est fond\u00e9e sur les principes de conservation adopt\u00e9s parICOMOS International. L&#8217;exigence d&#8217;un effort de r\u00e9flexion national et international portant sut les t\u00e2ches et la probl\u00e9matique de la conservation des monuments historiques est prioritaire. La section nationale suisse participe \u00e0 l&#8217;organisation de rencontres et de colloques, g\u00e9n\u00e9ralement soutenus par des organisations professionnelles, des instances officielles, commissions f\u00e9d\u00e9rales, notamment, ou les milieux culturels.<\/p>\n<\/div>\n\n\n\n<div class=\"wp-block-column is-layout-flow wp-block-column-is-layout-flow\">\n<p>Dans le cadre de l&#8217;ICOMOS International, ICOMOS Suisse entretient des contacts \u00e9troits avec des associations proches ou des organisations comme <a href=\"http:\/\/www.unesco.org\/general\/fre\/\" target=\"_top\" rel=\"noopener\">l&#8217;UNESCO<\/a>, et participe \u00e0 leurs activit\u00e9s. ICOMOS joue un r\u00f4le de conseil et d&#8217;expert lors de l&#8217;inscription de nouveaux objets sur la liste du patrimoine mondial de l&#8217;UNESCO. Les objets naturels sont de la comp\u00e9tence de <a href=\"http:\/\/www.iucn.org\/\" target=\"_blank\" rel=\"noopener noreferrer\">l&#8217;UICN<\/a> alors que les questions particuli\u00e8res d&#8217;analyses et de restauration, par exemples les peintures murales, rel\u00e8vent de <a href=\"http:\/\/www.iccrom.org\/index_fr.shtml\" target=\"_blank\" rel=\"noopener noreferrer\">l&#8217;ICCROM<\/a>. La section suisse de cette organisation unique en son genre a \u00e9t\u00e9 fond\u00e9e en 1966 et&nbsp;jusqu`\u00e0 la fin de l`ann\u00e9e 2012 plus de 250 membres. F\u00e9d\u00e9r\u00e9s au sein de l&#8217;ICOMOS International, dont le si\u00e8ge se trouve \u00e0 Paris, de nombreux pays des cinq continents sont repr\u00e9sent\u00e9s de mani\u00e8re d\u00e9mocratique.<\/p>\n<\/div>\n<\/div>\n\n\n\n<h2 class=\"wp-block-heading\">Comit\u00e9<\/h2>\n\n\n\n<div class=\"wp-block-columns is-layout-flex wp-container-core-columns-is-layout-28f84493 wp-block-columns-is-layout-flex\">\n<div class=\"wp-block-column is-layout-flow wp-block-column-is-layout-flow\" style=\"flex-basis:33.33%\">\n<p>Sabine Nemec-Piguet<br>Pr\u00e9sidente<br><a href=\"mailto:secretariat@icomos.ch\">Email<\/a><\/p>\n\n\n\n<p>Dieter Schnell<br>Vice-Pr\u00e9sident<br><a href=\"mailto:secretariat@icomos.ch\" data-type=\"mailto\" data-id=\"mailto:schnell@icomos.ch\">Email<\/a><\/p>\n\n\n\n<p>Hansj\u00f6rg Brem<br>Tr\u00e9sorier<br><a href=\"mailto:secretariat@icomos.ch\" data-type=\"mailto\" data-id=\"mailto:secretariat@icomos.ch\">Email<\/a><\/p>\n<\/div>\n\n\n\n<div class=\"wp-block-column is-layout-flow wp-block-column-is-layout-flow\" style=\"flex-basis:33.33%\">\n<p>Cony Gr\u00fcnenfelder<br>Comit\u00e9<br><a href=\"mailto:secretariat@icomos.ch\">Email<\/a><\/p>\n\n\n\n<p>Melanie Wyrsch<br>Comit\u00e9<br><a href=\"mailto:secretariat@icomos.ch\">Email<\/a><\/p>\n\n\n\n<p>Lucia Huguenin<br>Comit\u00e9<br><a href=\"mailto:secretariat@icomos.ch\">Email<\/a><\/p>\n<\/div>\n\n\n\n<div class=\"wp-block-column is-layout-flow wp-block-column-is-layout-flow\" style=\"flex-basis:33.33%\">\n<p>Albina Cereghetti<br>Comit\u00e9<br><a href=\"mailto:secretariat@icomos.ch\">Email<\/a><\/p>\n\n\n\n<p>Monica Bilfinger<br>Secr\u00e9taire g\u00e9n\u00e9rale<br><a href=\"mailto:secretariat@icomos.ch\">Email<\/a><\/p>\n\n\n\n<p>Cadre du secr\u00e9tariat<br><a href=\"mailto:secretariat@icomos.ch\">Email<\/a><\/p>\n<\/div>\n<\/div>\n\n\n\n<h2 class=\"wp-block-heading\">Assembl\u00e9es &amp; messages<\/h2>\n\n\n\n<div class=\"wp-block-columns is-layout-flex wp-container-core-columns-is-layout-28f84493 wp-block-columns-is-layout-flex\">\n<div class=\"wp-block-column is-layout-flow wp-block-column-is-layout-flow\">\n<h3 class=\"wp-block-heading\">Les assembl\u00e9es<\/h3>\n\n\n\n<p><a href=\"https:\/\/icomos.bold-concept.com\/fr\/organisation\/assemblees-anuelles\/\" data-type=\"page\" data-id=\"9539\">continue<\/a><\/p>\n<\/div>\n\n\n\n<div class=\"wp-block-column is-layout-flow wp-block-column-is-layout-flow\">\n<h3 class=\"wp-block-heading\">Messages du comit\u00e9<\/h3>\n\n\n\n<p><a href=\"https:\/\/icomos.bold-concept.com\/fr\/organisation\/messages-du-comite\/\" data-type=\"page\" data-id=\"2031\">continue<\/a><\/p>\n<\/div>\n<\/div>\n\n\n\n<h2 class=\"wp-block-heading\">Ce que nous faisons<\/h2>\n\n\n\n<div class=\"wp-block-columns is-layout-flex wp-container-core-columns-is-layout-28f84493 wp-block-columns-is-layout-flex\">\n<div class=\"wp-block-column is-layout-flow wp-block-column-is-layout-flow\" style=\"flex-basis:66.66%\">\n<h3 class=\"wp-block-heading\">Groupes de travail &amp; projets<\/h3>\n\n\n\n<figure class=\"wp-block-image size-medium\"><img loading=\"lazy\" decoding=\"async\" width=\"640\" height=\"240\" src=\"https:\/\/icomos.bold-concept.com\/wp-content\/uploads\/2016\/01\/unesco_header-image2-640x240.jpg\" alt=\"\" class=\"wp-image-4183\" srcset=\"https:\/\/icomos.bold-concept.com\/wp-content\/uploads\/2016\/01\/unesco_header-image2-640x240.jpg 640w, https:\/\/icomos.bold-concept.com\/wp-content\/uploads\/2016\/01\/unesco_header-image2-960x360.jpg 960w, https:\/\/icomos.bold-concept.com\/wp-content\/uploads\/2016\/01\/unesco_header-image2.jpg 1440w\" sizes=\"auto, (max-width: 640px) 100vw, 640px\" \/><\/figure>\n\n\n\n<p>\nL&#8217;ICOMOS Suisse cr\u00e9e des groupes de travail temporaires ou permanents \u00e0 la demande des membres ou du comit\u00e9. Leur but est de traiter de questions techniques, m\u00e9thodologiques, scientifiques ou organisationnelles ou de la concr\u00e9tisation de projets pr\u00e9cis. Leur activit\u00e9 est d\u00e9finie en collaboration avec des sp\u00e9cialistes du m\u00eame domaine actifs sur le plan Suisse. Les groupes de travail sont en contact \u00e9troit avec les comit\u00e9s scientifiques correspondants de l&#8217;ICOMOS international.\n\n<a href=\"https:\/\/icomos.bold-concept.com\/fr\/arbeitsgruppen\/\" target=\"_blank\" rel=\"noopener noreferrer\">ouvrir les groupes de travail<\/a>\n\n<\/p>\n<\/div>\n\n\n\n<div class=\"wp-block-column is-layout-flow wp-block-column-is-layout-flow\" style=\"flex-basis:33.33%\">\n<h3 class=\"wp-block-heading\">Publications<\/h3>\n\n\n\n<p>\n<a href=\"https:\/\/icomos.bold-concept.com\/fr\/organisation\/ce-que-nous-faisons\/publications\/\">ouvrir les publications<\/a>\n\n<\/p>\n<\/div>\n<\/div>\n\n\n\n<h2 class=\"wp-block-heading\">Comment nous travaillons<\/h2>\n\n\n\n<div class=\"wp-block-columns is-layout-flex wp-container-core-columns-is-layout-28f84493 wp-block-columns-is-layout-flex\">\n<div class=\"wp-block-column is-layout-flow wp-block-column-is-layout-flow\" style=\"flex-basis:33.33%\">\n<h3 class=\"wp-block-heading\">Statuts en vigueur<\/h3>\n\n\n\n<p><strong>du 3 mai 2023<\/strong>\n<\/p>\n\n\n\n<ul class=\"wp-block-list\">\n<li><\/li>\n\n\n\n<li><a href=\"https:\/\/icomos.bold-concept.com\/wp-content\/uploads\/icomos-statuts_20230505-FR-publ-II.pdf\">icomos statuts_20230505 FR publ II<\/a><\/li>\n\n\n\n<li><a href=\"https:\/\/icomos.bold-concept.com\/wp-content\/uploads\/icomos-statuten_20230505-DE-publ.pdf\">icomos statuten_20230505 DE publ<\/a><\/li>\n\n\n\n<li><\/li>\n\n\n\n<li><\/li>\n\n\n\n<li><a href=\"https:\/\/icomos.bold-concept.com\/fileadmin\/downloads\/organisation\/membership\/20150114-statuts-asadopted-languagecheck-finalcirc.pdf\" target=\"_blank\" rel=\"noopener noreferrer\">Annexe 1: Statuts de l&#8217;ICOMOS International, Florence, 2014 (angl. &amp; fr.)<\/a><\/li>\n\n\n\n<li><a href=\"https:\/\/icomos.bold-concept.com\/fileadmin\/downloads\/organisation\/membership\/20150114-ethics-asadopted-languagecheck-finalcirc.pdf\" target=\"_blank\" rel=\"noopener noreferrer\">Annexe 2: Principes \u00e9thiques, Florence, 2014 (angl. &amp; fr.)<\/a><\/li>\n<\/ul>\n<\/div>\n\n\n\n<div class=\"wp-block-column is-layout-flow wp-block-column-is-layout-flow\" style=\"flex-basis:66.66%\">\n<h3 class=\"wp-block-heading\">Principes et directives internationaux pour la conservation (chartes)<\/h3>\n\n\n\n<p><strong>Monumenta I: Principes et directives internationaux pour la conservation<\/strong>\nEd. par ICOMOS Deutschland, ICOMOS \u00d6sterreich, ICOMOS Luxemburg, ICOMOS Suisse, Stuttgart: Fraunhofer IRB Verlag 2012.\n<\/p>\n\n\n\n<ul class=\"wp-block-list\">\n<li><a href=\"https:\/\/icomos.bold-concept.com\/fileadmin\/downloads\/organisation\/publications\/Monumenta_I.pdf\" target=\"_blank\" rel=\"noopener noreferrer\">T\u00e9l\u00e9chargement du pdf<\/a><\/li>\n<\/ul>\n<\/div>\n<\/div>\n","protected":false},"excerpt":{"rendered":"<p>A propos d\u2019ICOMOS<\/p>\n","protected":false},"author":1,"featured_media":1060,"parent":0,"menu_order":2,"comment_status":"closed","ping_status":"closed","template":"","meta":{"footnotes":""},"class_list":["post-238","page","type-page","status-publish","has-post-thumbnail","hentry"],"_links":{"self":[{"href":"https:\/\/icomos.bold-concept.com\/fr\/wp-json\/wp\/v2\/pages\/238","targetHints":{"allow":["GET"]}}],"collection":[{"href":"https:\/\/icomos.bold-concept.com\/fr\/wp-json\/wp\/v2\/pages"}],"about":[{"href":"https:\/\/icomos.bold-concept.com\/fr\/wp-json\/wp\/v2\/types\/page"}],"author":[{"embeddable":true,"href":"https:\/\/icomos.bold-concept.com\/fr\/wp-json\/wp\/v2\/users\/1"}],"replies":[{"embeddable":true,"href":"https:\/\/icomos.bold-concept.com\/fr\/wp-json\/wp\/v2\/comments?post=238"}],"version-history":[{"count":10,"href":"https:\/\/icomos.bold-concept.com\/fr\/wp-json\/wp\/v2\/pages\/238\/revisions"}],"predecessor-version":[{"id":9895,"href":"https:\/\/icomos.bold-concept.com\/fr\/wp-json\/wp\/v2\/pages\/238\/revisions\/9895"}],"wp:featuredmedia":[{"embeddable":true,"href":"https:\/\/icomos.bold-concept.com\/fr\/wp-json\/wp\/v2\/media\/1060"}],"wp:attachment":[{"href":"https:\/\/icomos.bold-concept.com\/fr\/wp-json\/wp\/v2\/media?parent=238"}],"curies":[{"name":"wp","href":"https:\/\/api.w.org\/{rel}","templated":true}]}}