{"id":228,"date":"2015-12-12T17:59:58","date_gmt":"2015-12-12T17:59:58","guid":{"rendered":"https:\/\/icomos.bold-concept.com\/fr\/arbeitsgruppen\/"},"modified":"2024-10-15T17:47:23","modified_gmt":"2024-10-15T17:47:23","slug":"arbeitsgruppen","status":"publish","type":"page","link":"https:\/\/icomos.bold-concept.com\/fr\/arbeitsgruppen\/","title":{"rendered":"Groupes de travail"},"content":{"rendered":"\n<div class=\"wp-block-columns is-layout-flex wp-container-core-columns-is-layout-28f84493 wp-block-columns-is-layout-flex\">\n<div class=\"wp-block-column is-layout-flow wp-block-column-is-layout-flow\">\n<p>\nL&#8217;ICOMOS Suisse constitue des groupes de travail temporaires ou permanents \u00e0 la demande des membres ou du comit\u00e9. Leur but est de traiter de questions techniques, m\u00e9thodologiques, scientifiques ou organisationnelles ou de la concr\u00e9tisation de projets pr\u00e9cis.\n<\/p>\n<\/div>\n\n\n\n<div class=\"wp-block-column is-layout-flow wp-block-column-is-layout-flow\">\n<p>\nLeur activit\u00e9 est d\u00e9finie en collaboration avec des sp\u00e9cialistes du m\u00eame domaine actifs sur le plan suisse. Les groupes de travail sont en contact \u00e9troit avec les comit\u00e9s scientifiques correspondants de l&#8217;ICOMOS international.\n<\/p>\n<\/div>\n<\/div>\n\n\n\n<h2 class=\"wp-block-heading\">Groupes de travail nationaux actifs<\/h2>\n\n\n\n<div class=\"wp-block-columns is-layout-flex wp-container-core-columns-is-layout-28f84493 wp-block-columns-is-layout-flex\">\n<div class=\"wp-block-column is-layout-flow wp-block-column-is-layout-flow\">\n<figure class=\"wp-block-image size-large\"><img loading=\"lazy\" decoding=\"async\" width=\"960\" height=\"575\" src=\"https:\/\/icomos.bold-concept.com\/wp-content\/uploads\/2022\/11\/Haus-f\u00fcr-Haus_EDSJ-1975-960x575.jpg\" alt=\"\" class=\"wp-image-6620\" style=\"aspect-ratio:3\/2;object-fit:cover\" srcset=\"https:\/\/icomos.bold-concept.com\/wp-content\/uploads\/2022\/11\/Haus-f\u00fcr-Haus_EDSJ-1975-960x575.jpg 960w, https:\/\/icomos.bold-concept.com\/wp-content\/uploads\/2022\/11\/Haus-f\u00fcr-Haus_EDSJ-1975-640x384.jpg 640w\" sizes=\"auto, (max-width: 960px) 100vw, 960px\" \/><\/figure>\n\n\n\n<h3 class=\"wp-block-heading\">A Future for whose Past?<\/h3>\n\n\n\n<p>\u00abUn avenir pour notre pass\u00e9\u00bb \u00e9tait le slogan de l\u2019Ann\u00e9e Europ\u00e9enne du Patrimoine 1975. Face aux cons\u00e9quences du changement climatique, de la migration et de l\u2019exclusion, le groupe de travail \u00abAnn\u00e9e du Patrimoine 2025\u00bb se penche sur la question de ce qu\u2019est le pass\u00e9 qualifi\u00e9 de l\u2019adjectif possessif \u00abnotre\u00bb 50 ans plus tard.<\/p>\n\n\n\n<p><a href=\"https:\/\/icomos.bold-concept.com\/workinggroup\/a-future-whose-past\/\" data-type=\"workinggroup\" data-id=\"6598\">en savoir plus<\/a><\/p>\n<\/div>\n\n\n\n<div class=\"wp-block-column is-layout-flow wp-block-column-is-layout-flow\">\n<figure class=\"wp-block-image size-large\"><img loading=\"lazy\" decoding=\"async\" width=\"960\" height=\"379\" src=\"https:\/\/icomos.bold-concept.com\/wp-content\/uploads\/2016\/01\/arbeitsgruppe-gartendenkmalpflege_header-image-960x379.jpg\" alt=\"\" class=\"wp-image-117\" style=\"aspect-ratio:3\/2;object-fit:cover\" srcset=\"https:\/\/icomos.bold-concept.com\/wp-content\/uploads\/2016\/01\/arbeitsgruppe-gartendenkmalpflege_header-image-960x379.jpg 960w, https:\/\/icomos.bold-concept.com\/wp-content\/uploads\/2016\/01\/arbeitsgruppe-gartendenkmalpflege_header-image-640x253.jpg 640w, https:\/\/icomos.bold-concept.com\/wp-content\/uploads\/2016\/01\/arbeitsgruppe-gartendenkmalpflege_header-image.jpg 1440w\" sizes=\"auto, (max-width: 960px) 100vw, 960px\" \/><\/figure>\n\n\n\n<h3 class=\"wp-block-heading\">Jardins historiques<\/h3>\n\n\n\n<p>Le groupe de travail \u00ab Jardins historiques \u00bb a \u00e9t\u00e9 fond\u00e9 en 1992. Il propose une plate-forme de collaboration entre les sp\u00e9cialistes des diff\u00e9rentes disciplines du domaine de la protection des jardins historiques.<\/p>\n\n\n\n<p><a href=\"https:\/\/icomos.bold-concept.com\/fr\/workinggroup\/gartendenkmalpflege\/\" data-type=\"workinggroup\" data-id=\"254\">en savoir plus<\/a><\/p>\n<\/div>\n\n\n\n<div class=\"wp-block-column is-layout-flow wp-block-column-is-layout-flow\">\n<figure class=\"wp-block-image size-large\"><img loading=\"lazy\" decoding=\"async\" width=\"960\" height=\"640\" src=\"https:\/\/icomos.bold-concept.com\/wp-content\/uploads\/2016\/01\/arbeitsgruppe-hotelsundrestaurants_header-image2-960x640.jpg\" alt=\"\" class=\"wp-image-116\" style=\"aspect-ratio:3\/2;object-fit:cover\" srcset=\"https:\/\/icomos.bold-concept.com\/wp-content\/uploads\/2016\/01\/arbeitsgruppe-hotelsundrestaurants_header-image2-960x640.jpg 960w, https:\/\/icomos.bold-concept.com\/wp-content\/uploads\/2016\/01\/arbeitsgruppe-hotelsundrestaurants_header-image2-640x427.jpg 640w, https:\/\/icomos.bold-concept.com\/wp-content\/uploads\/2016\/01\/arbeitsgruppe-hotelsundrestaurants_header-image2.jpg 1440w\" sizes=\"auto, (max-width: 960px) 100vw, 960px\" \/><\/figure>\n\n\n\n<h3 class=\"wp-block-heading\">H\u00f4tels et restaurants historiques<\/h3>\n\n\n\n<p>La Suisse fait partie des pays europ\u00e9ens h\u00e9bergeant un nombre important de t\u00e9moins historiques de qualit\u00e9 dans le domaine du tourisme.<\/p>\n\n\n\n<p><a href=\"https:\/\/icomos.bold-concept.com\/fr\/workinggroup\/historische-hotels-restaurants\/\" data-type=\"workinggroup\" data-id=\"256\">en savoir plus<\/a><\/p>\n<\/div>\n<\/div>\n\n\n\n<h2 class=\"wp-block-heading\">Anciens groupes de travail nationaux<\/h2>\n","protected":false},"excerpt":{"rendered":"<p>groupes de travail &#038; projets<\/p>\n","protected":false},"author":1,"featured_media":986,"parent":0,"menu_order":4,"comment_status":"closed","ping_status":"closed","template":"template-arbeitsgruppen.php","meta":{"footnotes":""},"class_list":["post-228","page","type-page","status-publish","has-post-thumbnail","hentry"],"_links":{"self":[{"href":"https:\/\/icomos.bold-concept.com\/fr\/wp-json\/wp\/v2\/pages\/228","targetHints":{"allow":["GET"]}}],"collection":[{"href":"https:\/\/icomos.bold-concept.com\/fr\/wp-json\/wp\/v2\/pages"}],"about":[{"href":"https:\/\/icomos.bold-concept.com\/fr\/wp-json\/wp\/v2\/types\/page"}],"author":[{"embeddable":true,"href":"https:\/\/icomos.bold-concept.com\/fr\/wp-json\/wp\/v2\/users\/1"}],"replies":[{"embeddable":true,"href":"https:\/\/icomos.bold-concept.com\/fr\/wp-json\/wp\/v2\/comments?post=228"}],"version-history":[{"count":11,"href":"https:\/\/icomos.bold-concept.com\/fr\/wp-json\/wp\/v2\/pages\/228\/revisions"}],"predecessor-version":[{"id":8677,"href":"https:\/\/icomos.bold-concept.com\/fr\/wp-json\/wp\/v2\/pages\/228\/revisions\/8677"}],"wp:featuredmedia":[{"embeddable":true,"href":"https:\/\/icomos.bold-concept.com\/fr\/wp-json\/wp\/v2\/media\/986"}],"wp:attachment":[{"href":"https:\/\/icomos.bold-concept.com\/fr\/wp-json\/wp\/v2\/media?parent=228"}],"curies":[{"name":"wp","href":"https:\/\/api.w.org\/{rel}","templated":true}]}}