{"id":222,"date":"2016-02-01T14:04:16","date_gmt":"2016-02-01T14:04:16","guid":{"rendered":"https:\/\/icomos.bold-concept.com\/fr\/aktiv-werden-und-bleiben\/jetzt-mitglied-werden\/"},"modified":"2025-11-09T11:00:44","modified_gmt":"2025-11-09T11:00:44","slug":"demander-ladhesion","status":"publish","type":"page","link":"https:\/\/icomos.bold-concept.com\/fr\/devenir-et-rester-actif\/demander-ladhesion\/","title":{"rendered":"Demander l&#8217;adh\u00e9sion"},"content":{"rendered":"\n<h2 class=\"wp-block-heading\">Inscrivez-vous maintenant!<\/h2>\n\n\n\n<div class=\"wp-block-columns is-layout-flex wp-container-core-columns-is-layout-28f84493 wp-block-columns-is-layout-flex\">\n<div class=\"wp-block-column is-layout-flow wp-block-column-is-layout-flow\">\n<p>En transmettant le formulaire d\u2019inscription, vous confirmez avoir pris connaissance des statuts et des fondements \u00e9thiques, et d\u2019y adh\u00e9rer.<\/p>\n\n\n\n<p>Chaque candidate ou candidat a le droit de contacter le comit\u00e9 consultatif d\u2019ICOMOS et le comit\u00e9 ex\u00e9cutif d\u2019ICOMOS en cas de refus d\u2019une demande d\u2019adh\u00e9sion ou d\u2019une exclusion de l\u2019association par le biais du site Internet <a href=\"mailto:secretariat@icomos.org\">secretariat@icomos.org<\/a>.<\/p>\n\n\n\n<p><strong>ICOMOS Suisse<br><\/strong>3000 Berne<br><br>t\u00e9l +41-31-508 10 15<br><a href=\"mailto:secretariat@icomos.ch\">secretariat@icomos.ch<\/a><\/p>\n<\/div>\n\n\n\n<div class=\"wp-block-column is-layout-flow wp-block-column-is-layout-flow\">\n<p class=\"has-text-align-left\"><a href=\"https:\/\/icomos.bold-concept.com\/wp-content\/uploads\/icomos-statuts_20230505-FR-publ-II.pdf\" data-type=\"link\" data-id=\"https:\/\/icomos.bold-concept.com\/wp-content\/uploads\/icomos-statuts_20230505-FR-publ-II.pdf\">statuts du 16 mai 2014, <strong>r\u00e9vis\u00e9s le 5 mai 2023<\/strong><\/a><\/p>\n\n\n\n<p class=\"has-text-align-left\"><a href=\"https:\/\/icomos.bold-concept.com\/fileadmin\/downloads\/organisation\/membership\/20150114-statuts-asadopted-languagecheck-finalcirc.pdf\" target=\"_blank\" rel=\"noopener noreferrer\">Annexe 1: Statuts de l\u2019ICOMOS International, Florence, 2014 (angl. &amp; fr.)<\/a><a style=\"font-size: revert; background-color: var(--wp--preset--color--white); font-family: var(--wp--preset--font-family--open-sans);\" href=\"https:\/\/icomos.bold-concept.com\/fileadmin\/downloads\/organisation\/membership\/20150114-ethics-asadopted-languagecheck-finalcirc.pdf\" target=\"_blank\" rel=\"noopener noreferrer\">Annexe 2: Principes \u00e9thiques, Florence, 2014 (angl. &amp; fr.)<\/a><\/p>\n\n\n\n<p class=\"has-text-align-left\"><input class=\"ethischercode_check\" type=\"checkbox\"> <span lang=\"fr\" tabindex=\"0\">Je confirme par la pr\u00e9sente avoir lu et accept\u00e9 les statuts et le code d&#8217;\u00e9thique.<\/span><\/p>\n\n\n\n<p class=\"has-text-align-left\"><a href=\"https:\/\/icomos.bold-concept.com\/wp-content\/uploads\/Icomos_Individuelle_fr_20131212-CSCM-2024-1.pdf\" target=\"_blank\" rel=\"noreferrer noopener\">Formule d\u2019inscription pour adh\u00e9sion individuelle <\/a>(Formulaire \u00e0 t\u00e9l\u00e9charger)<a href=\"https:\/\/icomos.bold-concept.com\/wp-content\/uploads\/Icomos_Individuelle_fr_20131212-CSCM-2024-1.pdf\" target=\"_blank\" rel=\"noreferrer noopener\"><br><br><\/a><a href=\"https:\/\/icomos.bold-concept.com\/wp-content\/uploads\/Icomos_Collective_fr_20131212-CSCM-2024-1.pdf\" target=\"_blank\" rel=\"noreferrer noopener\">Formule d\u2019inscription pour adh\u00e9sion collective<\/a><br>(Formulaire \u00e0 t\u00e9l\u00e9charger)<\/p>\n<\/div>\n<\/div>\n\n\n\n<p><\/p>\n","protected":false},"excerpt":{"rendered":"<p>Inscrivez-vous maintenant!<\/p>\n","protected":false},"author":1,"featured_media":1063,"parent":398,"menu_order":1,"comment_status":"closed","ping_status":"closed","template":"","meta":{"footnotes":""},"class_list":["post-222","page","type-page","status-publish","has-post-thumbnail","hentry"],"_links":{"self":[{"href":"https:\/\/icomos.bold-concept.com\/fr\/wp-json\/wp\/v2\/pages\/222","targetHints":{"allow":["GET"]}}],"collection":[{"href":"https:\/\/icomos.bold-concept.com\/fr\/wp-json\/wp\/v2\/pages"}],"about":[{"href":"https:\/\/icomos.bold-concept.com\/fr\/wp-json\/wp\/v2\/types\/page"}],"author":[{"embeddable":true,"href":"https:\/\/icomos.bold-concept.com\/fr\/wp-json\/wp\/v2\/users\/1"}],"replies":[{"embeddable":true,"href":"https:\/\/icomos.bold-concept.com\/fr\/wp-json\/wp\/v2\/comments?post=222"}],"version-history":[{"count":16,"href":"https:\/\/icomos.bold-concept.com\/fr\/wp-json\/wp\/v2\/pages\/222\/revisions"}],"predecessor-version":[{"id":9995,"href":"https:\/\/icomos.bold-concept.com\/fr\/wp-json\/wp\/v2\/pages\/222\/revisions\/9995"}],"up":[{"embeddable":true,"href":"https:\/\/icomos.bold-concept.com\/fr\/wp-json\/wp\/v2\/pages\/398"}],"wp:featuredmedia":[{"embeddable":true,"href":"https:\/\/icomos.bold-concept.com\/fr\/wp-json\/wp\/v2\/media\/1063"}],"wp:attachment":[{"href":"https:\/\/icomos.bold-concept.com\/fr\/wp-json\/wp\/v2\/media?parent=222"}],"curies":[{"name":"wp","href":"https:\/\/api.w.org\/{rel}","templated":true}]}}